{"id":13,"date":"2016-12-08T10:12:30","date_gmt":"2016-12-08T09:12:30","guid":{"rendered":"https:\/\/guns-spendal.si\/?page_id=13"},"modified":"2017-04-15T23:07:37","modified_gmt":"2017-04-15T21:07:37","slug":"puskarstvo-spendal","status":"publish","type":"page","link":"https:\/\/guns-spendal.si\/de\/puskarstvo-spendal\/","title":{"rendered":"\u0160pendal feine Gewehre"},"content":{"rendered":"<p>Der Name \u0160pendal Gunsmithing ist ein Synonym f\u00fcr handgemachte kundenspezifische Waffen von h\u00f6chster Funktionsqualit\u00e4t und Verarbeitung. Die \u0160pendal-Waffen werden von anspruchsvollen Kunden gew\u00e4hlt, die eine an ihre individuellen Bed\u00fcrfnisse angepasste Waffe suchen. Die qualit\u00e4tsvollen handgemachten Waffen vereinen das Wissen, Erfahrungen, die Leidenschaft und das Engagement des Unternehmens \u0160pendal Gunsmithing.<\/p>\n<p>Ich habe B\u00fcchsenmacherarbeiten in Ferlach, einer Stadt, die f\u00fcr Waffenherstellung weltber\u00fchmt ist, gelernt. Ich kombiniere moderne Technologieprozesse und Handarbeit, um die funktionelle Kunst des Jagdgewehrs zu liefern. Mein Zeitaufwand steht in ausgewogenem Verh\u00e4ltnis zu den Materialien von h\u00f6chster Qualit\u00e4t sowie zu Halbfertigwaren, z.B. Pr\u00e4zisionsl\u00e4ufen und sorgf\u00e4ltig gew\u00e4hlten Nussholzsch\u00e4ften.<\/p>\n<p>Elegante und geschmackvolle Gravuren schenken meinen Waffen die pers\u00f6nliche Note. Durch Gravuren k\u00f6nnen meine Kunden ihre Waffen personalisieren und ein Erbe f\u00fcr ihre Familien hinterlassen. F\u00fcr meine handgemachten Waffen gew\u00e4hre ich eine Garantie f\u00fcr das ganze Leben des Kunden, aber die Waffen sind hergestellt, um Generationen zu \u00fcberdauern.<\/p>\n<p>Ich bin ein verantwortlicher J\u00e4ger und stelle mein Schie\u00dfzubeh\u00f6r mit Leidenschaft her. Ich gebe meinen Kunden fachlichen Rat dar\u00fcber, welche Waffe ihre Bed\u00fcrfnisse am besten erf\u00fcllt. Ich konzentriere mich auf die lebenslangen Kunden; mehr als 90% der Kunden kommen wegen des erhaltenen Werts wieder zu mir.<\/p>\n<p>Die Kunden sch\u00e4tzen mein fundiertes B\u00fcchsenmacher-Wissen hoch und bringen ihre Waffen zur Reparatur, Nachr\u00fcstung, Optikanpassung oder einfach zur Best\u00e4tigung der Fehlerfreiheit.<\/p>\n<p>Mein Gesch\u00e4ft ist mit Serienwaffen, Munition, Kleidung und verschiedenstem Zubeh\u00f6r ausgestattet, um den Anforderungen der J\u00e4ger gerecht zu werden. Mein Ziel ist, die Bed\u00fcrfnisse der J\u00e4ger zu verstehen und ihnen die bestm\u00f6glichen Produkte und Leistungen zu gew\u00e4hrleisten.<\/p>","protected":false},"excerpt":{"rendered":"<p>Der Name \u0160pendal Gunsmithing ist ein Synonym f\u00fcr handgemachte kundenspezifische Waffen von h\u00f6chster Funktionsqualit\u00e4t und Verarbeitung. Die \u0160pendal-Waffen werden von anspruchsvollen Kunden gew\u00e4hlt, die eine an ihre individuellen Bed\u00fcrfnisse angepasste Waffe suchen. Die qualit\u00e4tsvollen handgemachten Waffen vereinen das Wissen, Erfahrungen, die Leidenschaft und das Engagement des Unternehmens \u0160pendal Gunsmithing. Ich habe B\u00fcchsenmacherarbeiten in Ferlach, einer [&hellip;]<\/p>\n","protected":false},"author":1,"featured_media":268,"parent":0,"menu_order":0,"comment_status":"closed","ping_status":"closed","template":"","meta":{"footnotes":""},"yoast_head":"<!-- This site is optimized with the Yoast SEO plugin v23.5 - https:\/\/yoast.com\/wordpress\/plugins\/seo\/ -->\n<title>\u0160pendal feine Gewehre - Gunsmithing \u0160pendal<\/title>\n<meta name=\"description\" content=\"Merkel, Merkel Helix, Merkel K5, Merkel B3, Merkel B4, Merkel SR1, Merkel du\u0161ilec zvoka, premovle\u010dne repetirke,-Marsupio nahrbtniki, Chevalier lovska obla\u010dila, Sitka lovska obla\u010dila, Merkel Gear obla\u010dila-Heym , Mauser ,Steyr Mannlicher, CSV-9, CSV-9 polavtomatske pu\u0161ke za IPSC, polavtomatske pu\u0161ke 9mm Luger, polavtomatske pu\u0161ke 9x19, repetirne pu\u0161ke,prodaja lovskega oro\u017eja, prodaja \u0161portnega oro\u017eja, prodaja revolverjev, prodaja polavtomatskih pi\u0161tol , prodaja zra\u010dnih pu\u0161k-Pard,Lahoux, Pulsar, 3HGR jermeni za pu\u0161ke, Hornady strelivo, LFB strelivo, Sax strelivo , Federal strelivo, Hornady krogle , Geco strelivo , RWS strelivo, PPU strelivo, S&amp;B strelivo, NSI \u0161ibreno strelivo , Nobel Sport Italia strelivo, trap strelivo NSI, Hornady ELD-X strelivo , Hornady ELD match strelivo, Hornady SST-Delta optike , najcenej\u0161e optike , Swarovski, Kahles, Pulsar-FX Airguns zra\u010dne pu\u0161ke-Haenel , Haenel Jaeger 10, Haenel Jaeger 9, Haenel CR 223, Haenel CR 308, Haenel CR300, Haenel CR6,5 Creedmoor, Haenel RS8, Haenel RS9-Ase Utra, Ase Utra supressorr, supresor, Ase Utra Radien, Ase Utra SL5i, Ase Utra SL6i, Ase Utra SL7i,du\u0161ilec zvoka, du\u0161ilec zvoka za AK47, du\u0161ilec zvoka za Kala\u0161nikov,moderator zvoka,moderator, razbijalec poka,najbolj\u0161i du\u0161ilci, najbolj\u0161i moderatorji,najkvalitetnej\u0161i du\u0161ilci\/moderatorji, najla\u017eji du\u0161ilci \/ moderatorji,najcenej\u0161i du\u0161ilci\/moderatorji, vrezovanje navoja na cev,navoj na cevi,bla\u017eilci zvoka,navoji za du\u0161ilce,\u010di\u0161\u010denje du\u0161ilcev , \u010distila za du\u0161ilce\/moderatorje, vzdr\u017eevanje du\u0161ilcev\/moderatorjev, razbijalci zvoka,-Brunox \u010distila\" \/>\n<meta name=\"robots\" content=\"index, follow, max-snippet:-1, max-image-preview:large, max-video-preview:-1\" \/>\n<link rel=\"canonical\" href=\"https:\/\/guns-spendal.si\/puskarstvo-spendal\/\" \/>\n<meta property=\"og:locale\" content=\"de_DE\" \/>\n<meta property=\"og:type\" content=\"article\" \/>\n<meta property=\"og:title\" content=\"[:sl]Vrhunske pu\u0161ke \u0160pendal[:en]\u0160pendal fine guns [:de]\u0160pendal feine Gewehre[:] - Gunsmithing \u0160pendal\" \/>\n<meta property=\"og:description\" content=\"Merkel, Merkel Helix, Merkel K5, Merkel B3, Merkel B4, Merkel SR1, Merkel du\u0161ilec zvoka, premovle\u010dne repetirke,-Marsupio nahrbtniki, Chevalier lovska obla\u010dila, Sitka lovska obla\u010dila, Merkel Gear obla\u010dila-Heym , Mauser ,Steyr Mannlicher, CSV-9, CSV-9 polavtomatske pu\u0161ke za IPSC, polavtomatske pu\u0161ke 9mm Luger, polavtomatske pu\u0161ke 9x19, repetirne pu\u0161ke,prodaja lovskega oro\u017eja, prodaja \u0161portnega oro\u017eja, prodaja revolverjev, prodaja polavtomatskih pi\u0161tol , prodaja zra\u010dnih pu\u0161k-Pard,Lahoux, Pulsar, 3HGR jermeni za pu\u0161ke, Hornady strelivo, LFB strelivo, Sax strelivo , Federal strelivo, Hornady krogle , Geco strelivo , RWS strelivo, PPU strelivo, S&amp;B strelivo, NSI \u0161ibreno strelivo , Nobel Sport Italia strelivo, trap strelivo NSI, Hornady ELD-X strelivo , Hornady ELD match strelivo, Hornady SST-Delta optike , najcenej\u0161e optike , Swarovski, Kahles, Pulsar-FX Airguns zra\u010dne pu\u0161ke-Haenel , Haenel Jaeger 10, Haenel Jaeger 9, Haenel CR 223, Haenel CR 308, Haenel CR300, Haenel CR6,5 Creedmoor, Haenel RS8, Haenel RS9-Ase Utra, Ase Utra supressorr, supresor, Ase Utra Radien, Ase Utra SL5i, Ase Utra SL6i, Ase Utra SL7i,du\u0161ilec zvoka, du\u0161ilec zvoka za AK47, du\u0161ilec zvoka za Kala\u0161nikov,moderator zvoka,moderator, razbijalec poka,najbolj\u0161i du\u0161ilci, najbolj\u0161i moderatorji,najkvalitetnej\u0161i du\u0161ilci\/moderatorji, najla\u017eji du\u0161ilci \/ moderatorji,najcenej\u0161i du\u0161ilci\/moderatorji, vrezovanje navoja na cev,navoj na cevi,bla\u017eilci zvoka,navoji za du\u0161ilce,\u010di\u0161\u010denje du\u0161ilcev , \u010distila za du\u0161ilce\/moderatorje, vzdr\u017eevanje du\u0161ilcev\/moderatorjev, razbijalci zvoka,-Brunox \u010distila\" \/>\n<meta property=\"og:url\" content=\"https:\/\/guns-spendal.si\/puskarstvo-spendal\/\" \/>\n<meta property=\"og:site_name\" content=\"Gunsmithing \u0160pendal\" \/>\n<meta property=\"article:modified_time\" content=\"2017-04-15T21:07:37+00:00\" \/>\n<meta property=\"og:image\" content=\"https:\/\/guns-spendal.si\/wp-content\/uploads\/2017\/03\/main_bg_1920x1080px.jpg\" \/>\n\t<meta property=\"og:image:width\" content=\"1920\" \/>\n\t<meta property=\"og:image:height\" content=\"1080\" \/>\n\t<meta property=\"og:image:type\" content=\"image\/jpeg\" \/>\n<meta name=\"twitter:card\" content=\"summary_large_image\" \/>\n<meta name=\"twitter:label1\" content=\"Gesch\u00e4tzte Lesezeit\" \/>\n\t<meta name=\"twitter:data1\" content=\"4\u00a0Minuten\" \/>\n<script type=\"application\/ld+json\" class=\"yoast-schema-graph\">{\"@context\":\"https:\/\/schema.org\",\"@graph\":[{\"@type\":\"WebPage\",\"@id\":\"https:\/\/guns-spendal.si\/puskarstvo-spendal\/\",\"url\":\"https:\/\/guns-spendal.si\/puskarstvo-spendal\/\",\"name\":\"[:sl]Vrhunske pu\u0161ke \u0160pendal[:en]\u0160pendal fine guns [:de]\u0160pendal feine Gewehre[:] - Gunsmithing \u0160pendal\",\"isPartOf\":{\"@id\":\"https:\/\/guns-spendal.si\/#website\"},\"primaryImageOfPage\":{\"@id\":\"https:\/\/guns-spendal.si\/puskarstvo-spendal\/#primaryimage\"},\"image\":{\"@id\":\"https:\/\/guns-spendal.si\/puskarstvo-spendal\/#primaryimage\"},\"thumbnailUrl\":\"https:\/\/guns-spendal.si\/wp-content\/uploads\/2017\/03\/main_bg_1920x1080px.jpg\",\"datePublished\":\"2016-12-08T09:12:30+00:00\",\"dateModified\":\"2017-04-15T21:07:37+00:00\",\"description\":\"Merkel, Merkel Helix, Merkel K5, Merkel B3, Merkel B4, Merkel SR1, Merkel du\u0161ilec zvoka, premovle\u010dne repetirke,-Marsupio nahrbtniki, Chevalier lovska obla\u010dila, Sitka lovska obla\u010dila, Merkel Gear obla\u010dila-Heym , Mauser ,Steyr Mannlicher, CSV-9, CSV-9 polavtomatske pu\u0161ke za IPSC, polavtomatske pu\u0161ke 9mm Luger, polavtomatske pu\u0161ke 9x19, repetirne pu\u0161ke,prodaja lovskega oro\u017eja, prodaja \u0161portnega oro\u017eja, prodaja revolverjev, prodaja polavtomatskih pi\u0161tol , prodaja zra\u010dnih pu\u0161k-Pard,Lahoux, Pulsar, 3HGR jermeni za pu\u0161ke, Hornady strelivo, LFB strelivo, Sax strelivo , Federal strelivo, Hornady krogle , Geco strelivo , RWS strelivo, PPU strelivo, S&B strelivo, NSI \u0161ibreno strelivo , Nobel Sport Italia strelivo, trap strelivo NSI, Hornady ELD-X strelivo , Hornady ELD match strelivo, Hornady SST-Delta optike , najcenej\u0161e optike , Swarovski, Kahles, Pulsar-FX Airguns zra\u010dne pu\u0161ke-Haenel , Haenel Jaeger 10, Haenel Jaeger 9, Haenel CR 223, Haenel CR 308, Haenel CR300, Haenel CR6,5 Creedmoor, Haenel RS8, Haenel RS9-Ase Utra, Ase Utra supressorr, supresor, Ase Utra Radien, Ase Utra SL5i, Ase Utra SL6i, Ase Utra SL7i,du\u0161ilec zvoka, du\u0161ilec zvoka za AK47, du\u0161ilec zvoka za Kala\u0161nikov,moderator zvoka,moderator, razbijalec poka,najbolj\u0161i du\u0161ilci, najbolj\u0161i moderatorji,najkvalitetnej\u0161i du\u0161ilci\/moderatorji, najla\u017eji du\u0161ilci \/ moderatorji,najcenej\u0161i du\u0161ilci\/moderatorji, vrezovanje navoja na cev,navoj na cevi,bla\u017eilci zvoka,navoji za du\u0161ilce,\u010di\u0161\u010denje du\u0161ilcev , \u010distila za du\u0161ilce\/moderatorje, vzdr\u017eevanje du\u0161ilcev\/moderatorjev, razbijalci zvoka,-Brunox \u010distila\",\"breadcrumb\":{\"@id\":\"https:\/\/guns-spendal.si\/puskarstvo-spendal\/#breadcrumb\"},\"inLanguage\":\"de\",\"potentialAction\":[{\"@type\":\"ReadAction\",\"target\":[\"https:\/\/guns-spendal.si\/puskarstvo-spendal\/\"]}]},{\"@type\":\"ImageObject\",\"inLanguage\":\"de\",\"@id\":\"https:\/\/guns-spendal.si\/puskarstvo-spendal\/#primaryimage\",\"url\":\"https:\/\/guns-spendal.si\/wp-content\/uploads\/2017\/03\/main_bg_1920x1080px.jpg\",\"contentUrl\":\"https:\/\/guns-spendal.si\/wp-content\/uploads\/2017\/03\/main_bg_1920x1080px.jpg\",\"width\":1920,\"height\":1080},{\"@type\":\"BreadcrumbList\",\"@id\":\"https:\/\/guns-spendal.si\/puskarstvo-spendal\/#breadcrumb\",\"itemListElement\":[{\"@type\":\"ListItem\",\"position\":1,\"name\":\"Home\",\"item\":\"https:\/\/guns-spendal.si\/\"},{\"@type\":\"ListItem\",\"position\":2,\"name\":\"Vrhunske pu\u0161ke \u0160pendal\"}]},{\"@type\":\"WebSite\",\"@id\":\"https:\/\/guns-spendal.si\/#website\",\"url\":\"https:\/\/guns-spendal.si\/\",\"name\":\"Gunsmithing \u0160pendal\",\"description\":\"Handmade guns by Gunsmithing \u0160pendal\",\"publisher\":{\"@id\":\"https:\/\/guns-spendal.si\/#organization\"},\"potentialAction\":[{\"@type\":\"SearchAction\",\"target\":{\"@type\":\"EntryPoint\",\"urlTemplate\":\"https:\/\/guns-spendal.si\/?s={search_term_string}\"},\"query-input\":{\"@type\":\"PropertyValueSpecification\",\"valueRequired\":true,\"valueName\":\"search_term_string\"}}],\"inLanguage\":\"de\"},{\"@type\":\"Organization\",\"@id\":\"https:\/\/guns-spendal.si\/#organization\",\"name\":\"Guns \u0160pendal\",\"url\":\"https:\/\/guns-spendal.si\/\",\"logo\":{\"@type\":\"ImageObject\",\"inLanguage\":\"de\",\"@id\":\"https:\/\/guns-spendal.si\/#\/schema\/logo\/image\/\",\"url\":\"https:\/\/guns-spendal.si\/wp-content\/uploads\/2016\/12\/Logo_Spendal_white_small.png\",\"contentUrl\":\"https:\/\/guns-spendal.si\/wp-content\/uploads\/2016\/12\/Logo_Spendal_white_small.png\",\"width\":101,\"height\":72,\"caption\":\"Guns \u0160pendal\"},\"image\":{\"@id\":\"https:\/\/guns-spendal.si\/#\/schema\/logo\/image\/\"}}]}<\/script>\n<!-- \/ Yoast SEO plugin. -->","yoast_head_json":{"title":"[:sl]Vrhunske pu\u0161ke \u0160pendal[:en]\u0160pendal fine guns [:de]\u0160pendal feine Gewehre[:] - Gunsmithing \u0160pendal","description":"Merkel, Merkel Helix, Merkel K5, Merkel B3, Merkel B4, Merkel SR1, Merkel du\u0161ilec zvoka, premovle\u010dne repetirke,-Marsupio nahrbtniki, Chevalier lovska obla\u010dila, Sitka lovska obla\u010dila, Merkel Gear obla\u010dila-Heym , Mauser ,Steyr Mannlicher, CSV-9, CSV-9 polavtomatske pu\u0161ke za IPSC, polavtomatske pu\u0161ke 9mm Luger, polavtomatske pu\u0161ke 9x19, repetirne pu\u0161ke,prodaja lovskega oro\u017eja, prodaja \u0161portnega oro\u017eja, prodaja revolverjev, prodaja polavtomatskih pi\u0161tol , prodaja zra\u010dnih pu\u0161k-Pard,Lahoux, Pulsar, 3HGR jermeni za pu\u0161ke, Hornady strelivo, LFB strelivo, Sax strelivo , Federal strelivo, Hornady krogle , Geco strelivo , RWS strelivo, PPU strelivo, S&B strelivo, NSI \u0161ibreno strelivo , Nobel Sport Italia strelivo, trap strelivo NSI, Hornady ELD-X strelivo , Hornady ELD match strelivo, Hornady SST-Delta optike , najcenej\u0161e optike , Swarovski, Kahles, Pulsar-FX Airguns zra\u010dne pu\u0161ke-Haenel , Haenel Jaeger 10, Haenel Jaeger 9, Haenel CR 223, Haenel CR 308, Haenel CR300, Haenel CR6,5 Creedmoor, Haenel RS8, Haenel RS9-Ase Utra, Ase Utra supressorr, supresor, Ase Utra Radien, Ase Utra SL5i, Ase Utra SL6i, Ase Utra SL7i,du\u0161ilec zvoka, du\u0161ilec zvoka za AK47, du\u0161ilec zvoka za Kala\u0161nikov,moderator zvoka,moderator, razbijalec poka,najbolj\u0161i du\u0161ilci, najbolj\u0161i moderatorji,najkvalitetnej\u0161i du\u0161ilci\/moderatorji, najla\u017eji du\u0161ilci \/ moderatorji,najcenej\u0161i du\u0161ilci\/moderatorji, vrezovanje navoja na cev,navoj na cevi,bla\u017eilci zvoka,navoji za du\u0161ilce,\u010di\u0161\u010denje du\u0161ilcev , \u010distila za du\u0161ilce\/moderatorje, vzdr\u017eevanje du\u0161ilcev\/moderatorjev, razbijalci zvoka,-Brunox \u010distila","robots":{"index":"index","follow":"follow","max-snippet":"max-snippet:-1","max-image-preview":"max-image-preview:large","max-video-preview":"max-video-preview:-1"},"canonical":"https:\/\/guns-spendal.si\/puskarstvo-spendal\/","og_locale":"de_DE","og_type":"article","og_title":"[:sl]Vrhunske pu\u0161ke \u0160pendal[:en]\u0160pendal fine guns [:de]\u0160pendal feine Gewehre[:] - Gunsmithing \u0160pendal","og_description":"Merkel, Merkel Helix, Merkel K5, Merkel B3, Merkel B4, Merkel SR1, Merkel du\u0161ilec zvoka, premovle\u010dne repetirke,-Marsupio nahrbtniki, Chevalier lovska obla\u010dila, Sitka lovska obla\u010dila, Merkel Gear obla\u010dila-Heym , Mauser ,Steyr Mannlicher, CSV-9, CSV-9 polavtomatske pu\u0161ke za IPSC, polavtomatske pu\u0161ke 9mm Luger, polavtomatske pu\u0161ke 9x19, repetirne pu\u0161ke,prodaja lovskega oro\u017eja, prodaja \u0161portnega oro\u017eja, prodaja revolverjev, prodaja polavtomatskih pi\u0161tol , prodaja zra\u010dnih pu\u0161k-Pard,Lahoux, Pulsar, 3HGR jermeni za pu\u0161ke, Hornady strelivo, LFB strelivo, Sax strelivo , Federal strelivo, Hornady krogle , Geco strelivo , RWS strelivo, PPU strelivo, S&B strelivo, NSI \u0161ibreno strelivo , Nobel Sport Italia strelivo, trap strelivo NSI, Hornady ELD-X strelivo , Hornady ELD match strelivo, Hornady SST-Delta optike , najcenej\u0161e optike , Swarovski, Kahles, Pulsar-FX Airguns zra\u010dne pu\u0161ke-Haenel , Haenel Jaeger 10, Haenel Jaeger 9, Haenel CR 223, Haenel CR 308, Haenel CR300, Haenel CR6,5 Creedmoor, Haenel RS8, Haenel RS9-Ase Utra, Ase Utra supressorr, supresor, Ase Utra Radien, Ase Utra SL5i, Ase Utra SL6i, Ase Utra SL7i,du\u0161ilec zvoka, du\u0161ilec zvoka za AK47, du\u0161ilec zvoka za Kala\u0161nikov,moderator zvoka,moderator, razbijalec poka,najbolj\u0161i du\u0161ilci, najbolj\u0161i moderatorji,najkvalitetnej\u0161i du\u0161ilci\/moderatorji, najla\u017eji du\u0161ilci \/ moderatorji,najcenej\u0161i du\u0161ilci\/moderatorji, vrezovanje navoja na cev,navoj na cevi,bla\u017eilci zvoka,navoji za du\u0161ilce,\u010di\u0161\u010denje du\u0161ilcev , \u010distila za du\u0161ilce\/moderatorje, vzdr\u017eevanje du\u0161ilcev\/moderatorjev, razbijalci zvoka,-Brunox \u010distila","og_url":"https:\/\/guns-spendal.si\/puskarstvo-spendal\/","og_site_name":"Gunsmithing \u0160pendal","article_modified_time":"2017-04-15T21:07:37+00:00","og_image":[{"width":1920,"height":1080,"url":"https:\/\/guns-spendal.si\/wp-content\/uploads\/2017\/03\/main_bg_1920x1080px.jpg","type":"image\/jpeg"}],"twitter_card":"summary_large_image","twitter_misc":{"Gesch\u00e4tzte Lesezeit":"4\u00a0Minuten"},"schema":{"@context":"https:\/\/schema.org","@graph":[{"@type":"WebPage","@id":"https:\/\/guns-spendal.si\/puskarstvo-spendal\/","url":"https:\/\/guns-spendal.si\/puskarstvo-spendal\/","name":"[:sl]Vrhunske pu\u0161ke \u0160pendal[:en]\u0160pendal fine guns [:de]\u0160pendal feine Gewehre[:] - Gunsmithing \u0160pendal","isPartOf":{"@id":"https:\/\/guns-spendal.si\/#website"},"primaryImageOfPage":{"@id":"https:\/\/guns-spendal.si\/puskarstvo-spendal\/#primaryimage"},"image":{"@id":"https:\/\/guns-spendal.si\/puskarstvo-spendal\/#primaryimage"},"thumbnailUrl":"https:\/\/guns-spendal.si\/wp-content\/uploads\/2017\/03\/main_bg_1920x1080px.jpg","datePublished":"2016-12-08T09:12:30+00:00","dateModified":"2017-04-15T21:07:37+00:00","description":"Merkel, Merkel Helix, Merkel K5, Merkel B3, Merkel B4, Merkel SR1, Merkel du\u0161ilec zvoka, premovle\u010dne repetirke,-Marsupio nahrbtniki, Chevalier lovska obla\u010dila, Sitka lovska obla\u010dila, Merkel Gear obla\u010dila-Heym , Mauser ,Steyr Mannlicher, CSV-9, CSV-9 polavtomatske pu\u0161ke za IPSC, polavtomatske pu\u0161ke 9mm Luger, polavtomatske pu\u0161ke 9x19, repetirne pu\u0161ke,prodaja lovskega oro\u017eja, prodaja \u0161portnega oro\u017eja, prodaja revolverjev, prodaja polavtomatskih pi\u0161tol , prodaja zra\u010dnih pu\u0161k-Pard,Lahoux, Pulsar, 3HGR jermeni za pu\u0161ke, Hornady strelivo, LFB strelivo, Sax strelivo , Federal strelivo, Hornady krogle , Geco strelivo , RWS strelivo, PPU strelivo, S&B strelivo, NSI \u0161ibreno strelivo , Nobel Sport Italia strelivo, trap strelivo NSI, Hornady ELD-X strelivo , Hornady ELD match strelivo, Hornady SST-Delta optike , najcenej\u0161e optike , Swarovski, Kahles, Pulsar-FX Airguns zra\u010dne pu\u0161ke-Haenel , Haenel Jaeger 10, Haenel Jaeger 9, Haenel CR 223, Haenel CR 308, Haenel CR300, Haenel CR6,5 Creedmoor, Haenel RS8, Haenel RS9-Ase Utra, Ase Utra supressorr, supresor, Ase Utra Radien, Ase Utra SL5i, Ase Utra SL6i, Ase Utra SL7i,du\u0161ilec zvoka, du\u0161ilec zvoka za AK47, du\u0161ilec zvoka za Kala\u0161nikov,moderator zvoka,moderator, razbijalec poka,najbolj\u0161i du\u0161ilci, najbolj\u0161i moderatorji,najkvalitetnej\u0161i du\u0161ilci\/moderatorji, najla\u017eji du\u0161ilci \/ moderatorji,najcenej\u0161i du\u0161ilci\/moderatorji, vrezovanje navoja na cev,navoj na cevi,bla\u017eilci zvoka,navoji za du\u0161ilce,\u010di\u0161\u010denje du\u0161ilcev , \u010distila za du\u0161ilce\/moderatorje, vzdr\u017eevanje du\u0161ilcev\/moderatorjev, razbijalci zvoka,-Brunox \u010distila","breadcrumb":{"@id":"https:\/\/guns-spendal.si\/puskarstvo-spendal\/#breadcrumb"},"inLanguage":"de","potentialAction":[{"@type":"ReadAction","target":["https:\/\/guns-spendal.si\/puskarstvo-spendal\/"]}]},{"@type":"ImageObject","inLanguage":"de","@id":"https:\/\/guns-spendal.si\/puskarstvo-spendal\/#primaryimage","url":"https:\/\/guns-spendal.si\/wp-content\/uploads\/2017\/03\/main_bg_1920x1080px.jpg","contentUrl":"https:\/\/guns-spendal.si\/wp-content\/uploads\/2017\/03\/main_bg_1920x1080px.jpg","width":1920,"height":1080},{"@type":"BreadcrumbList","@id":"https:\/\/guns-spendal.si\/puskarstvo-spendal\/#breadcrumb","itemListElement":[{"@type":"ListItem","position":1,"name":"Home","item":"https:\/\/guns-spendal.si\/"},{"@type":"ListItem","position":2,"name":"Vrhunske pu\u0161ke \u0160pendal"}]},{"@type":"WebSite","@id":"https:\/\/guns-spendal.si\/#website","url":"https:\/\/guns-spendal.si\/","name":"Gunsmithing \u0160pendal","description":"Handmade guns by Gunsmithing \u0160pendal","publisher":{"@id":"https:\/\/guns-spendal.si\/#organization"},"potentialAction":[{"@type":"SearchAction","target":{"@type":"EntryPoint","urlTemplate":"https:\/\/guns-spendal.si\/?s={search_term_string}"},"query-input":{"@type":"PropertyValueSpecification","valueRequired":true,"valueName":"search_term_string"}}],"inLanguage":"de"},{"@type":"Organization","@id":"https:\/\/guns-spendal.si\/#organization","name":"Guns \u0160pendal","url":"https:\/\/guns-spendal.si\/","logo":{"@type":"ImageObject","inLanguage":"de","@id":"https:\/\/guns-spendal.si\/#\/schema\/logo\/image\/","url":"https:\/\/guns-spendal.si\/wp-content\/uploads\/2016\/12\/Logo_Spendal_white_small.png","contentUrl":"https:\/\/guns-spendal.si\/wp-content\/uploads\/2016\/12\/Logo_Spendal_white_small.png","width":101,"height":72,"caption":"Guns \u0160pendal"},"image":{"@id":"https:\/\/guns-spendal.si\/#\/schema\/logo\/image\/"}}]}},"_links":{"self":[{"href":"https:\/\/guns-spendal.si\/de\/wp-json\/wp\/v2\/pages\/13"}],"collection":[{"href":"https:\/\/guns-spendal.si\/de\/wp-json\/wp\/v2\/pages"}],"about":[{"href":"https:\/\/guns-spendal.si\/de\/wp-json\/wp\/v2\/types\/page"}],"author":[{"embeddable":true,"href":"https:\/\/guns-spendal.si\/de\/wp-json\/wp\/v2\/users\/1"}],"replies":[{"embeddable":true,"href":"https:\/\/guns-spendal.si\/de\/wp-json\/wp\/v2\/comments?post=13"}],"version-history":[{"count":5,"href":"https:\/\/guns-spendal.si\/de\/wp-json\/wp\/v2\/pages\/13\/revisions"}],"predecessor-version":[{"id":305,"href":"https:\/\/guns-spendal.si\/de\/wp-json\/wp\/v2\/pages\/13\/revisions\/305"}],"wp:featuredmedia":[{"embeddable":true,"href":"https:\/\/guns-spendal.si\/de\/wp-json\/wp\/v2\/media\/268"}],"wp:attachment":[{"href":"https:\/\/guns-spendal.si\/de\/wp-json\/wp\/v2\/media?parent=13"}],"curies":[{"name":"wp","href":"https:\/\/api.w.org\/{rel}","templated":true}]}}