{"id":211,"date":"2017-02-10T12:51:24","date_gmt":"2017-02-10T11:51:24","guid":{"rendered":"https:\/\/guns-spendal.si\/?page_id=211"},"modified":"2017-02-18T17:29:38","modified_gmt":"2017-02-18T16:29:38","slug":"reference","status":"publish","type":"page","link":"https:\/\/guns-spendal.si\/de\/reference\/","title":{"rendered":"Referenzen"},"content":{"rendered":"<blockquote><p>I was born in South Africa and now living in Slovenia for the past 12 years. I grew up on our family farm of 2000 hectares and from an early age spent most of my free time gun in hand walking and hunting on the farm.<\/p>\n<p>South Africans are less familiar with custom guns; when I had spare money I would upgrade to a better serial gun. My views and beliefs continued during my first years of residence in Slovenia. The first guns that I bought from Ales were Blaser bolt action rifles; I was limiting myself because as humans we are designed to see what we already looking for and believe in. The first custom gun that I bought was a double in 9.3x74R made by Ales. It took that first custom gun to get me &#8222;hooked&#8220; in the art of fine guns and to be converted for life; I am addicted to Ales&#8216; fine guns.<\/p>\n<p>Not only do I own many of Ales&#8216; fine handmade masterpieces, I have gotten to know Ales as a friend. We have hunted together in South Africa. I am a high-expectation customer, but still Ales resets my expectations in every one of his guns. I find myself saying the gun is perfect and no need to go back to the range while Ales insists to validate until he is 1000% satisfied. I do not know anyone more passionate in his trade and more committed to excellence than Ales, and it shows in every gun that he builds.<\/p>\n<p>Put a Spendal gun in your safe alongside any other gun and see the contrast. It cost me a small fortune to get rid of my serial guns, the result is my car is 7 years old, but it has been worth it. Ales builds his guns to the highest standards of functional excellence, hence he is irritated that I use a serial gun for hunting. Ales&#8216; guns are the art in my life, I have great joy looking at them so I hope I am forgiven for wanting to keep them in the same condition for future generations to marvel at. Ales has shown me his rifles after several years of intense use and they look new, but I am unchanged &#8230; they are my babies.<\/p>\n<p>I am introducing Ales&#8216; guns to South Africa through The Powder Keg, a hunting specialist store I own in Johannesburg. The Powder Keg strategy focuses on the best value equipment for the price paid and there is no other custom gun of the same functional quality and elegance than an Ales Spendal hand crafted masterpiece for the price. I forgot to mention, his guns shoot like hell, each of my guns from Ales shoot sub MOA groups at 100m.<\/p><\/blockquote>\n","protected":false},"excerpt":{"rendered":"<p>I was born in South Africa and now living in Slovenia for the past 12 years. I grew up on our family farm of 2000 hectares and from an early age spent most of my free time gun in hand walking and hunting on the farm. South Africans are less familiar with custom guns; when [&hellip;]<\/p>\n","protected":false},"author":1,"featured_media":0,"parent":0,"menu_order":0,"comment_status":"closed","ping_status":"closed","template":"","meta":{"footnotes":""},"yoast_head":"<!-- This site is optimized with the Yoast SEO plugin v23.5 - https:\/\/yoast.com\/wordpress\/plugins\/seo\/ -->\n<title>Referenzen - Gunsmithing \u0160pendal<\/title>\n<meta name=\"description\" content=\"Merkel, Merkel Helix, Merkel K5, Merkel B3, Merkel B4, Merkel SR1, Merkel du\u0161ilec zvoka, premovle\u010dne repetirke,-Marsupio nahrbtniki, Chevalier lovska obla\u010dila, Sitka lovska obla\u010dila, Merkel Gear obla\u010dila-Heym , Mauser ,Steyr Mannlicher, CSV-9, CSV-9 polavtomatske pu\u0161ke za IPSC, polavtomatske pu\u0161ke 9mm Luger, polavtomatske pu\u0161ke 9x19, repetirne pu\u0161ke,prodaja lovskega oro\u017eja, prodaja \u0161portnega oro\u017eja, prodaja revolverjev, prodaja polavtomatskih pi\u0161tol , prodaja zra\u010dnih pu\u0161k-Pard,Lahoux, Pulsar, 3HGR jermeni za pu\u0161ke, Hornady strelivo, LFB strelivo, Sax strelivo , Federal strelivo, Hornady krogle , Geco strelivo , RWS strelivo, PPU strelivo, S&amp;B strelivo, NSI \u0161ibreno strelivo , Nobel Sport Italia strelivo, trap strelivo NSI, Hornady ELD-X strelivo , Hornady ELD match strelivo, Hornady SST-Delta optike , najcenej\u0161e optike , Swarovski, Kahles, Pulsar-FX Airguns zra\u010dne pu\u0161ke-Haenel , Haenel Jaeger 10, Haenel Jaeger 9, Haenel CR 223, Haenel CR 308, Haenel CR300, Haenel CR6,5 Creedmoor, Haenel RS8, Haenel RS9-Ase Utra, Ase Utra supressorr, supresor, Ase Utra Radien, Ase Utra SL5i, Ase Utra SL6i, Ase Utra SL7i,du\u0161ilec zvoka, du\u0161ilec zvoka za AK47, du\u0161ilec zvoka za Kala\u0161nikov,moderator zvoka,moderator, razbijalec poka,najbolj\u0161i du\u0161ilci, najbolj\u0161i moderatorji,najkvalitetnej\u0161i du\u0161ilci\/moderatorji, najla\u017eji du\u0161ilci \/ moderatorji,najcenej\u0161i du\u0161ilci\/moderatorji, vrezovanje navoja na cev,navoj na cevi,bla\u017eilci zvoka,navoji za du\u0161ilce,\u010di\u0161\u010denje du\u0161ilcev , \u010distila za du\u0161ilce\/moderatorje, vzdr\u017eevanje du\u0161ilcev\/moderatorjev, razbijalci zvoka,-Brunox \u010distila\" \/>\n<meta name=\"robots\" content=\"index, follow, max-snippet:-1, max-image-preview:large, max-video-preview:-1\" \/>\n<link rel=\"canonical\" href=\"https:\/\/guns-spendal.si\/reference\/\" \/>\n<meta property=\"og:locale\" content=\"de_DE\" \/>\n<meta property=\"og:type\" content=\"article\" \/>\n<meta property=\"og:title\" content=\"[:sl]Reference[:en]References[:de]Referenzen[:] - Gunsmithing \u0160pendal\" \/>\n<meta property=\"og:description\" content=\"Merkel, Merkel Helix, Merkel K5, Merkel B3, Merkel B4, Merkel SR1, Merkel du\u0161ilec zvoka, premovle\u010dne repetirke,-Marsupio nahrbtniki, Chevalier lovska obla\u010dila, Sitka lovska obla\u010dila, Merkel Gear obla\u010dila-Heym , Mauser ,Steyr Mannlicher, CSV-9, CSV-9 polavtomatske pu\u0161ke za IPSC, polavtomatske pu\u0161ke 9mm Luger, polavtomatske pu\u0161ke 9x19, repetirne pu\u0161ke,prodaja lovskega oro\u017eja, prodaja \u0161portnega oro\u017eja, prodaja revolverjev, prodaja polavtomatskih pi\u0161tol , prodaja zra\u010dnih pu\u0161k-Pard,Lahoux, Pulsar, 3HGR jermeni za pu\u0161ke, Hornady strelivo, LFB strelivo, Sax strelivo , Federal strelivo, Hornady krogle , Geco strelivo , RWS strelivo, PPU strelivo, S&amp;B strelivo, NSI \u0161ibreno strelivo , Nobel Sport Italia strelivo, trap strelivo NSI, Hornady ELD-X strelivo , Hornady ELD match strelivo, Hornady SST-Delta optike , najcenej\u0161e optike , Swarovski, Kahles, Pulsar-FX Airguns zra\u010dne pu\u0161ke-Haenel , Haenel Jaeger 10, Haenel Jaeger 9, Haenel CR 223, Haenel CR 308, Haenel CR300, Haenel CR6,5 Creedmoor, Haenel RS8, Haenel RS9-Ase Utra, Ase Utra supressorr, supresor, Ase Utra Radien, Ase Utra SL5i, Ase Utra SL6i, Ase Utra SL7i,du\u0161ilec zvoka, du\u0161ilec zvoka za AK47, du\u0161ilec zvoka za Kala\u0161nikov,moderator zvoka,moderator, razbijalec poka,najbolj\u0161i du\u0161ilci, najbolj\u0161i moderatorji,najkvalitetnej\u0161i du\u0161ilci\/moderatorji, najla\u017eji du\u0161ilci \/ moderatorji,najcenej\u0161i du\u0161ilci\/moderatorji, vrezovanje navoja na cev,navoj na cevi,bla\u017eilci zvoka,navoji za du\u0161ilce,\u010di\u0161\u010denje du\u0161ilcev , \u010distila za du\u0161ilce\/moderatorje, vzdr\u017eevanje du\u0161ilcev\/moderatorjev, razbijalci zvoka,-Brunox \u010distila\" \/>\n<meta property=\"og:url\" content=\"https:\/\/guns-spendal.si\/reference\/\" \/>\n<meta property=\"og:site_name\" content=\"Gunsmithing \u0160pendal\" \/>\n<meta property=\"article:modified_time\" content=\"2017-02-18T16:29:38+00:00\" \/>\n<meta name=\"twitter:card\" content=\"summary_large_image\" \/>\n<meta name=\"twitter:label1\" content=\"Gesch\u00e4tzte Lesezeit\" \/>\n\t<meta name=\"twitter:data1\" content=\"2\u00a0Minuten\" \/>\n<script type=\"application\/ld+json\" class=\"yoast-schema-graph\">{\"@context\":\"https:\/\/schema.org\",\"@graph\":[{\"@type\":\"WebPage\",\"@id\":\"https:\/\/guns-spendal.si\/reference\/\",\"url\":\"https:\/\/guns-spendal.si\/reference\/\",\"name\":\"[:sl]Reference[:en]References[:de]Referenzen[:] - Gunsmithing \u0160pendal\",\"isPartOf\":{\"@id\":\"https:\/\/guns-spendal.si\/#website\"},\"datePublished\":\"2017-02-10T11:51:24+00:00\",\"dateModified\":\"2017-02-18T16:29:38+00:00\",\"description\":\"Merkel, Merkel Helix, Merkel K5, Merkel B3, Merkel B4, Merkel SR1, Merkel du\u0161ilec zvoka, premovle\u010dne repetirke,-Marsupio nahrbtniki, Chevalier lovska obla\u010dila, Sitka lovska obla\u010dila, Merkel Gear obla\u010dila-Heym , Mauser ,Steyr Mannlicher, CSV-9, CSV-9 polavtomatske pu\u0161ke za IPSC, polavtomatske pu\u0161ke 9mm Luger, polavtomatske pu\u0161ke 9x19, repetirne pu\u0161ke,prodaja lovskega oro\u017eja, prodaja \u0161portnega oro\u017eja, prodaja revolverjev, prodaja polavtomatskih pi\u0161tol , prodaja zra\u010dnih pu\u0161k-Pard,Lahoux, Pulsar, 3HGR jermeni za pu\u0161ke, Hornady strelivo, LFB strelivo, Sax strelivo , Federal strelivo, Hornady krogle , Geco strelivo , RWS strelivo, PPU strelivo, S&B strelivo, NSI \u0161ibreno strelivo , Nobel Sport Italia strelivo, trap strelivo NSI, Hornady ELD-X strelivo , Hornady ELD match strelivo, Hornady SST-Delta optike , najcenej\u0161e optike , Swarovski, Kahles, Pulsar-FX Airguns zra\u010dne pu\u0161ke-Haenel , Haenel Jaeger 10, Haenel Jaeger 9, Haenel CR 223, Haenel CR 308, Haenel CR300, Haenel CR6,5 Creedmoor, Haenel RS8, Haenel RS9-Ase Utra, Ase Utra supressorr, supresor, Ase Utra Radien, Ase Utra SL5i, Ase Utra SL6i, Ase Utra SL7i,du\u0161ilec zvoka, du\u0161ilec zvoka za AK47, du\u0161ilec zvoka za Kala\u0161nikov,moderator zvoka,moderator, razbijalec poka,najbolj\u0161i du\u0161ilci, najbolj\u0161i moderatorji,najkvalitetnej\u0161i du\u0161ilci\/moderatorji, najla\u017eji du\u0161ilci \/ moderatorji,najcenej\u0161i du\u0161ilci\/moderatorji, vrezovanje navoja na cev,navoj na cevi,bla\u017eilci zvoka,navoji za du\u0161ilce,\u010di\u0161\u010denje du\u0161ilcev , \u010distila za du\u0161ilce\/moderatorje, vzdr\u017eevanje du\u0161ilcev\/moderatorjev, razbijalci zvoka,-Brunox \u010distila\",\"breadcrumb\":{\"@id\":\"https:\/\/guns-spendal.si\/reference\/#breadcrumb\"},\"inLanguage\":\"de\",\"potentialAction\":[{\"@type\":\"ReadAction\",\"target\":[\"https:\/\/guns-spendal.si\/reference\/\"]}]},{\"@type\":\"BreadcrumbList\",\"@id\":\"https:\/\/guns-spendal.si\/reference\/#breadcrumb\",\"itemListElement\":[{\"@type\":\"ListItem\",\"position\":1,\"name\":\"Home\",\"item\":\"https:\/\/guns-spendal.si\/\"},{\"@type\":\"ListItem\",\"position\":2,\"name\":\"Reference\"}]},{\"@type\":\"WebSite\",\"@id\":\"https:\/\/guns-spendal.si\/#website\",\"url\":\"https:\/\/guns-spendal.si\/\",\"name\":\"Gunsmithing \u0160pendal\",\"description\":\"Handmade guns by Gunsmithing \u0160pendal\",\"publisher\":{\"@id\":\"https:\/\/guns-spendal.si\/#organization\"},\"potentialAction\":[{\"@type\":\"SearchAction\",\"target\":{\"@type\":\"EntryPoint\",\"urlTemplate\":\"https:\/\/guns-spendal.si\/?s={search_term_string}\"},\"query-input\":{\"@type\":\"PropertyValueSpecification\",\"valueRequired\":true,\"valueName\":\"search_term_string\"}}],\"inLanguage\":\"de\"},{\"@type\":\"Organization\",\"@id\":\"https:\/\/guns-spendal.si\/#organization\",\"name\":\"Guns \u0160pendal\",\"url\":\"https:\/\/guns-spendal.si\/\",\"logo\":{\"@type\":\"ImageObject\",\"inLanguage\":\"de\",\"@id\":\"https:\/\/guns-spendal.si\/#\/schema\/logo\/image\/\",\"url\":\"https:\/\/guns-spendal.si\/wp-content\/uploads\/2016\/12\/Logo_Spendal_white_small.png\",\"contentUrl\":\"https:\/\/guns-spendal.si\/wp-content\/uploads\/2016\/12\/Logo_Spendal_white_small.png\",\"width\":101,\"height\":72,\"caption\":\"Guns \u0160pendal\"},\"image\":{\"@id\":\"https:\/\/guns-spendal.si\/#\/schema\/logo\/image\/\"}}]}<\/script>\n<!-- \/ Yoast SEO plugin. -->","yoast_head_json":{"title":"[:sl]Reference[:en]References[:de]Referenzen[:] - Gunsmithing \u0160pendal","description":"Merkel, Merkel Helix, Merkel K5, Merkel B3, Merkel B4, Merkel SR1, Merkel du\u0161ilec zvoka, premovle\u010dne repetirke,-Marsupio nahrbtniki, Chevalier lovska obla\u010dila, Sitka lovska obla\u010dila, Merkel Gear obla\u010dila-Heym , Mauser ,Steyr Mannlicher, CSV-9, CSV-9 polavtomatske pu\u0161ke za IPSC, polavtomatske pu\u0161ke 9mm Luger, polavtomatske pu\u0161ke 9x19, repetirne pu\u0161ke,prodaja lovskega oro\u017eja, prodaja \u0161portnega oro\u017eja, prodaja revolverjev, prodaja polavtomatskih pi\u0161tol , prodaja zra\u010dnih pu\u0161k-Pard,Lahoux, Pulsar, 3HGR jermeni za pu\u0161ke, Hornady strelivo, LFB strelivo, Sax strelivo , Federal strelivo, Hornady krogle , Geco strelivo , RWS strelivo, PPU strelivo, S&B strelivo, NSI \u0161ibreno strelivo , Nobel Sport Italia strelivo, trap strelivo NSI, Hornady ELD-X strelivo , Hornady ELD match strelivo, Hornady SST-Delta optike , najcenej\u0161e optike , Swarovski, Kahles, Pulsar-FX Airguns zra\u010dne pu\u0161ke-Haenel , Haenel Jaeger 10, Haenel Jaeger 9, Haenel CR 223, Haenel CR 308, Haenel CR300, Haenel CR6,5 Creedmoor, Haenel RS8, Haenel RS9-Ase Utra, Ase Utra supressorr, supresor, Ase Utra Radien, Ase Utra SL5i, Ase Utra SL6i, Ase Utra SL7i,du\u0161ilec zvoka, du\u0161ilec zvoka za AK47, du\u0161ilec zvoka za Kala\u0161nikov,moderator zvoka,moderator, razbijalec poka,najbolj\u0161i du\u0161ilci, najbolj\u0161i moderatorji,najkvalitetnej\u0161i du\u0161ilci\/moderatorji, najla\u017eji du\u0161ilci \/ moderatorji,najcenej\u0161i du\u0161ilci\/moderatorji, vrezovanje navoja na cev,navoj na cevi,bla\u017eilci zvoka,navoji za du\u0161ilce,\u010di\u0161\u010denje du\u0161ilcev , \u010distila za du\u0161ilce\/moderatorje, vzdr\u017eevanje du\u0161ilcev\/moderatorjev, razbijalci zvoka,-Brunox \u010distila","robots":{"index":"index","follow":"follow","max-snippet":"max-snippet:-1","max-image-preview":"max-image-preview:large","max-video-preview":"max-video-preview:-1"},"canonical":"https:\/\/guns-spendal.si\/reference\/","og_locale":"de_DE","og_type":"article","og_title":"[:sl]Reference[:en]References[:de]Referenzen[:] - Gunsmithing \u0160pendal","og_description":"Merkel, Merkel Helix, Merkel K5, Merkel B3, Merkel B4, Merkel SR1, Merkel du\u0161ilec zvoka, premovle\u010dne repetirke,-Marsupio nahrbtniki, Chevalier lovska obla\u010dila, Sitka lovska obla\u010dila, Merkel Gear obla\u010dila-Heym , Mauser ,Steyr Mannlicher, CSV-9, CSV-9 polavtomatske pu\u0161ke za IPSC, polavtomatske pu\u0161ke 9mm Luger, polavtomatske pu\u0161ke 9x19, repetirne pu\u0161ke,prodaja lovskega oro\u017eja, prodaja \u0161portnega oro\u017eja, prodaja revolverjev, prodaja polavtomatskih pi\u0161tol , prodaja zra\u010dnih pu\u0161k-Pard,Lahoux, Pulsar, 3HGR jermeni za pu\u0161ke, Hornady strelivo, LFB strelivo, Sax strelivo , Federal strelivo, Hornady krogle , Geco strelivo , RWS strelivo, PPU strelivo, S&B strelivo, NSI \u0161ibreno strelivo , Nobel Sport Italia strelivo, trap strelivo NSI, Hornady ELD-X strelivo , Hornady ELD match strelivo, Hornady SST-Delta optike , najcenej\u0161e optike , Swarovski, Kahles, Pulsar-FX Airguns zra\u010dne pu\u0161ke-Haenel , Haenel Jaeger 10, Haenel Jaeger 9, Haenel CR 223, Haenel CR 308, Haenel CR300, Haenel CR6,5 Creedmoor, Haenel RS8, Haenel RS9-Ase Utra, Ase Utra supressorr, supresor, Ase Utra Radien, Ase Utra SL5i, Ase Utra SL6i, Ase Utra SL7i,du\u0161ilec zvoka, du\u0161ilec zvoka za AK47, du\u0161ilec zvoka za Kala\u0161nikov,moderator zvoka,moderator, razbijalec poka,najbolj\u0161i du\u0161ilci, najbolj\u0161i moderatorji,najkvalitetnej\u0161i du\u0161ilci\/moderatorji, najla\u017eji du\u0161ilci \/ moderatorji,najcenej\u0161i du\u0161ilci\/moderatorji, vrezovanje navoja na cev,navoj na cevi,bla\u017eilci zvoka,navoji za du\u0161ilce,\u010di\u0161\u010denje du\u0161ilcev , \u010distila za du\u0161ilce\/moderatorje, vzdr\u017eevanje du\u0161ilcev\/moderatorjev, razbijalci zvoka,-Brunox \u010distila","og_url":"https:\/\/guns-spendal.si\/reference\/","og_site_name":"Gunsmithing \u0160pendal","article_modified_time":"2017-02-18T16:29:38+00:00","twitter_card":"summary_large_image","twitter_misc":{"Gesch\u00e4tzte Lesezeit":"2\u00a0Minuten"},"schema":{"@context":"https:\/\/schema.org","@graph":[{"@type":"WebPage","@id":"https:\/\/guns-spendal.si\/reference\/","url":"https:\/\/guns-spendal.si\/reference\/","name":"[:sl]Reference[:en]References[:de]Referenzen[:] - Gunsmithing \u0160pendal","isPartOf":{"@id":"https:\/\/guns-spendal.si\/#website"},"datePublished":"2017-02-10T11:51:24+00:00","dateModified":"2017-02-18T16:29:38+00:00","description":"Merkel, Merkel Helix, Merkel K5, Merkel B3, Merkel B4, Merkel SR1, Merkel du\u0161ilec zvoka, premovle\u010dne repetirke,-Marsupio nahrbtniki, Chevalier lovska obla\u010dila, Sitka lovska obla\u010dila, Merkel Gear obla\u010dila-Heym , Mauser ,Steyr Mannlicher, CSV-9, CSV-9 polavtomatske pu\u0161ke za IPSC, polavtomatske pu\u0161ke 9mm Luger, polavtomatske pu\u0161ke 9x19, repetirne pu\u0161ke,prodaja lovskega oro\u017eja, prodaja \u0161portnega oro\u017eja, prodaja revolverjev, prodaja polavtomatskih pi\u0161tol , prodaja zra\u010dnih pu\u0161k-Pard,Lahoux, Pulsar, 3HGR jermeni za pu\u0161ke, Hornady strelivo, LFB strelivo, Sax strelivo , Federal strelivo, Hornady krogle , Geco strelivo , RWS strelivo, PPU strelivo, S&B strelivo, NSI \u0161ibreno strelivo , Nobel Sport Italia strelivo, trap strelivo NSI, Hornady ELD-X strelivo , Hornady ELD match strelivo, Hornady SST-Delta optike , najcenej\u0161e optike , Swarovski, Kahles, Pulsar-FX Airguns zra\u010dne pu\u0161ke-Haenel , Haenel Jaeger 10, Haenel Jaeger 9, Haenel CR 223, Haenel CR 308, Haenel CR300, Haenel CR6,5 Creedmoor, Haenel RS8, Haenel RS9-Ase Utra, Ase Utra supressorr, supresor, Ase Utra Radien, Ase Utra SL5i, Ase Utra SL6i, Ase Utra SL7i,du\u0161ilec zvoka, du\u0161ilec zvoka za AK47, du\u0161ilec zvoka za Kala\u0161nikov,moderator zvoka,moderator, razbijalec poka,najbolj\u0161i du\u0161ilci, najbolj\u0161i moderatorji,najkvalitetnej\u0161i du\u0161ilci\/moderatorji, najla\u017eji du\u0161ilci \/ moderatorji,najcenej\u0161i du\u0161ilci\/moderatorji, vrezovanje navoja na cev,navoj na cevi,bla\u017eilci zvoka,navoji za du\u0161ilce,\u010di\u0161\u010denje du\u0161ilcev , \u010distila za du\u0161ilce\/moderatorje, vzdr\u017eevanje du\u0161ilcev\/moderatorjev, razbijalci zvoka,-Brunox \u010distila","breadcrumb":{"@id":"https:\/\/guns-spendal.si\/reference\/#breadcrumb"},"inLanguage":"de","potentialAction":[{"@type":"ReadAction","target":["https:\/\/guns-spendal.si\/reference\/"]}]},{"@type":"BreadcrumbList","@id":"https:\/\/guns-spendal.si\/reference\/#breadcrumb","itemListElement":[{"@type":"ListItem","position":1,"name":"Home","item":"https:\/\/guns-spendal.si\/"},{"@type":"ListItem","position":2,"name":"Reference"}]},{"@type":"WebSite","@id":"https:\/\/guns-spendal.si\/#website","url":"https:\/\/guns-spendal.si\/","name":"Gunsmithing \u0160pendal","description":"Handmade guns by Gunsmithing \u0160pendal","publisher":{"@id":"https:\/\/guns-spendal.si\/#organization"},"potentialAction":[{"@type":"SearchAction","target":{"@type":"EntryPoint","urlTemplate":"https:\/\/guns-spendal.si\/?s={search_term_string}"},"query-input":{"@type":"PropertyValueSpecification","valueRequired":true,"valueName":"search_term_string"}}],"inLanguage":"de"},{"@type":"Organization","@id":"https:\/\/guns-spendal.si\/#organization","name":"Guns \u0160pendal","url":"https:\/\/guns-spendal.si\/","logo":{"@type":"ImageObject","inLanguage":"de","@id":"https:\/\/guns-spendal.si\/#\/schema\/logo\/image\/","url":"https:\/\/guns-spendal.si\/wp-content\/uploads\/2016\/12\/Logo_Spendal_white_small.png","contentUrl":"https:\/\/guns-spendal.si\/wp-content\/uploads\/2016\/12\/Logo_Spendal_white_small.png","width":101,"height":72,"caption":"Guns \u0160pendal"},"image":{"@id":"https:\/\/guns-spendal.si\/#\/schema\/logo\/image\/"}}]}},"_links":{"self":[{"href":"https:\/\/guns-spendal.si\/de\/wp-json\/wp\/v2\/pages\/211"}],"collection":[{"href":"https:\/\/guns-spendal.si\/de\/wp-json\/wp\/v2\/pages"}],"about":[{"href":"https:\/\/guns-spendal.si\/de\/wp-json\/wp\/v2\/types\/page"}],"author":[{"embeddable":true,"href":"https:\/\/guns-spendal.si\/de\/wp-json\/wp\/v2\/users\/1"}],"replies":[{"embeddable":true,"href":"https:\/\/guns-spendal.si\/de\/wp-json\/wp\/v2\/comments?post=211"}],"version-history":[{"count":2,"href":"https:\/\/guns-spendal.si\/de\/wp-json\/wp\/v2\/pages\/211\/revisions"}],"predecessor-version":[{"id":260,"href":"https:\/\/guns-spendal.si\/de\/wp-json\/wp\/v2\/pages\/211\/revisions\/260"}],"wp:attachment":[{"href":"https:\/\/guns-spendal.si\/de\/wp-json\/wp\/v2\/media?parent=211"}],"curies":[{"name":"wp","href":"https:\/\/api.w.org\/{rel}","templated":true}]}}