{"id":9,"date":"2016-11-14T15:39:02","date_gmt":"2016-11-14T14:39:02","guid":{"rendered":"https:\/\/guns-spendal.si\/?page_id=9"},"modified":"2018-10-25T10:10:02","modified_gmt":"2018-10-25T08:10:02","slug":"9-2","status":"publish","type":"page","link":"https:\/\/guns-spendal.si\/de\/","title":{"rendered":"Home"},"content":{"rendered":"<p>IN PROGRESS<\/p>\n<p>Gunsmithing \u0160pendal mission is to meet most demanding hunters needs and whishes. Manufacture of high-quality hand-made hunting weapons requires extensive knowledge and experience.<\/p>\n<p>I learned gunsmithing in Ferlach. My hunting weapons are produced with modern technologies, which include a lot of manual work. I use only first class materials and intermediate products, such as high-quality steel, precision-made barrels and selected walnut wood for the stock. Elegant engravings give our products individual character. As being hunter myself, I can advise customers which weapons are most appropriate for each type of hunting and with which measuring devices they should be equipped. Custom hand-made hunting rifle presents a purchase of a life time and is worth of the effort.<\/p>\n<p>If necessary I also service your hunting gun and equip it with telescopic sight mounting or give the rifle fine tuning. In the <a href=\"http:\/\/www.guns-spendal.si\/?page_id=278\">gunsmith shop<\/a> we offer wide range of hunting supplies such as shoes, clothing, backpacks, etc..<\/p>","protected":false},"excerpt":{"rendered":"<p>IN PROGRESS Gunsmithing \u0160pendal mission is to meet most demanding hunters needs and whishes. Manufacture of high-quality hand-made hunting weapons requires extensive knowledge and experience. I learned gunsmithing in Ferlach. My hunting weapons are produced with modern technologies, which include a lot of manual work. I use only first class materials and intermediate products, such [&hellip;]<\/p>\n","protected":false},"author":1,"featured_media":0,"parent":0,"menu_order":0,"comment_status":"closed","ping_status":"closed","template":"template_builder.php","meta":{"footnotes":""},"yoast_head":"<!-- This site is optimized with the Yoast SEO plugin v23.5 - https:\/\/yoast.com\/wordpress\/plugins\/seo\/ -->\n<title>Home - Gunsmithing \u0160pendal<\/title>\n<meta name=\"description\" content=\"Merkel, Merkel Helix, Merkel K5, Merkel B3, Merkel B4, Merkel SR1, Merkel du\u0161ilec zvoka, premovle\u010dne repetirke,-Marsupio nahrbtniki, Chevalier lovska obla\u010dila, Sitka lovska obla\u010dila, Merkel Gear obla\u010dila-Heym , Mauser ,Steyr Mannlicher, CSV-9, CSV-9 polavtomatske pu\u0161ke za IPSC, polavtomatske pu\u0161ke 9mm Luger, polavtomatske pu\u0161ke 9x19, repetirne pu\u0161ke,prodaja lovskega oro\u017eja, prodaja \u0161portnega oro\u017eja, prodaja revolverjev, prodaja polavtomatskih pi\u0161tol , prodaja zra\u010dnih pu\u0161k-Pard,Lahoux, Pulsar, 3HGR jermeni za pu\u0161ke, Hornady strelivo, LFB strelivo, Sax strelivo , Federal strelivo, Hornady krogle , Geco strelivo , RWS strelivo, PPU strelivo, S&amp;B strelivo, NSI \u0161ibreno strelivo , Nobel Sport Italia strelivo, trap strelivo NSI, Hornady ELD-X strelivo , Hornady ELD match strelivo, Hornady SST-Delta optike , najcenej\u0161e optike , Swarovski, Kahles, Pulsar-FX Airguns zra\u010dne pu\u0161ke-Haenel , Haenel Jaeger 10, Haenel Jaeger 9, Haenel CR 223, Haenel CR 308, Haenel CR300, Haenel CR6,5 Creedmoor, Haenel RS8, Haenel RS9-Ase Utra, Ase Utra supressorr, supresor, Ase Utra Radien, Ase Utra SL5i, Ase Utra SL6i, Ase Utra SL7i,du\u0161ilec zvoka, du\u0161ilec zvoka za AK47, du\u0161ilec zvoka za Kala\u0161nikov,moderator zvoka,moderator, razbijalec poka,najbolj\u0161i du\u0161ilci, najbolj\u0161i moderatorji,najkvalitetnej\u0161i du\u0161ilci\/moderatorji, najla\u017eji du\u0161ilci \/ moderatorji,najcenej\u0161i du\u0161ilci\/moderatorji, vrezovanje navoja na cev,navoj na cevi,bla\u017eilci zvoka,navoji za du\u0161ilce,\u010di\u0161\u010denje du\u0161ilcev , \u010distila za du\u0161ilce\/moderatorje, vzdr\u017eevanje du\u0161ilcev\/moderatorjev, razbijalci zvoka,-Brunox \u010distila\" \/>\n<meta name=\"robots\" content=\"index, follow, max-snippet:-1, max-image-preview:large, max-video-preview:-1\" \/>\n<link rel=\"canonical\" href=\"https:\/\/guns-spendal.si\/\" \/>\n<meta property=\"og:locale\" content=\"de_DE\" \/>\n<meta property=\"og:type\" content=\"article\" \/>\n<meta property=\"og:title\" content=\"[:sl]Domov[:en]Home[:de]Home[:] - Gunsmithing \u0160pendal\" \/>\n<meta property=\"og:description\" content=\"Merkel, Merkel Helix, Merkel K5, Merkel B3, Merkel B4, Merkel SR1, Merkel du\u0161ilec zvoka, premovle\u010dne repetirke,-Marsupio nahrbtniki, Chevalier lovska obla\u010dila, Sitka lovska obla\u010dila, Merkel Gear obla\u010dila-Heym , Mauser ,Steyr Mannlicher, CSV-9, CSV-9 polavtomatske pu\u0161ke za IPSC, polavtomatske pu\u0161ke 9mm Luger, polavtomatske pu\u0161ke 9x19, repetirne pu\u0161ke,prodaja lovskega oro\u017eja, prodaja \u0161portnega oro\u017eja, prodaja revolverjev, prodaja polavtomatskih pi\u0161tol , prodaja zra\u010dnih pu\u0161k-Pard,Lahoux, Pulsar, 3HGR jermeni za pu\u0161ke, Hornady strelivo, LFB strelivo, Sax strelivo , Federal strelivo, Hornady krogle , Geco strelivo , RWS strelivo, PPU strelivo, S&amp;B strelivo, NSI \u0161ibreno strelivo , Nobel Sport Italia strelivo, trap strelivo NSI, Hornady ELD-X strelivo , Hornady ELD match strelivo, Hornady SST-Delta optike , najcenej\u0161e optike , Swarovski, Kahles, Pulsar-FX Airguns zra\u010dne pu\u0161ke-Haenel , Haenel Jaeger 10, Haenel Jaeger 9, Haenel CR 223, Haenel CR 308, Haenel CR300, Haenel CR6,5 Creedmoor, Haenel RS8, Haenel RS9-Ase Utra, Ase Utra supressorr, supresor, Ase Utra Radien, Ase Utra SL5i, Ase Utra SL6i, Ase Utra SL7i,du\u0161ilec zvoka, du\u0161ilec zvoka za AK47, du\u0161ilec zvoka za Kala\u0161nikov,moderator zvoka,moderator, razbijalec poka,najbolj\u0161i du\u0161ilci, najbolj\u0161i moderatorji,najkvalitetnej\u0161i du\u0161ilci\/moderatorji, najla\u017eji du\u0161ilci \/ moderatorji,najcenej\u0161i du\u0161ilci\/moderatorji, vrezovanje navoja na cev,navoj na cevi,bla\u017eilci zvoka,navoji za du\u0161ilce,\u010di\u0161\u010denje du\u0161ilcev , \u010distila za du\u0161ilce\/moderatorje, vzdr\u017eevanje du\u0161ilcev\/moderatorjev, razbijalci zvoka,-Brunox \u010distila\" \/>\n<meta property=\"og:url\" content=\"https:\/\/guns-spendal.si\/\" \/>\n<meta property=\"og:site_name\" content=\"Gunsmithing \u0160pendal\" \/>\n<meta property=\"article:modified_time\" content=\"2018-10-25T08:10:02+00:00\" \/>\n<meta name=\"twitter:card\" content=\"summary_large_image\" \/>\n<meta name=\"twitter:label1\" content=\"Gesch\u00e4tzte Lesezeit\" \/>\n\t<meta name=\"twitter:data1\" content=\"2\u00a0Minuten\" \/>\n<script type=\"application\/ld+json\" class=\"yoast-schema-graph\">{\"@context\":\"https:\/\/schema.org\",\"@graph\":[{\"@type\":\"WebPage\",\"@id\":\"https:\/\/guns-spendal.si\/\",\"url\":\"https:\/\/guns-spendal.si\/\",\"name\":\"[:sl]Domov[:en]Home[:de]Home[:] - Gunsmithing \u0160pendal\",\"isPartOf\":{\"@id\":\"https:\/\/guns-spendal.si\/#website\"},\"datePublished\":\"2016-11-14T14:39:02+00:00\",\"dateModified\":\"2018-10-25T08:10:02+00:00\",\"description\":\"Merkel, Merkel Helix, Merkel K5, Merkel B3, Merkel B4, Merkel SR1, Merkel du\u0161ilec zvoka, premovle\u010dne repetirke,-Marsupio nahrbtniki, Chevalier lovska obla\u010dila, Sitka lovska obla\u010dila, Merkel Gear obla\u010dila-Heym , Mauser ,Steyr Mannlicher, CSV-9, CSV-9 polavtomatske pu\u0161ke za IPSC, polavtomatske pu\u0161ke 9mm Luger, polavtomatske pu\u0161ke 9x19, repetirne pu\u0161ke,prodaja lovskega oro\u017eja, prodaja \u0161portnega oro\u017eja, prodaja revolverjev, prodaja polavtomatskih pi\u0161tol , prodaja zra\u010dnih pu\u0161k-Pard,Lahoux, Pulsar, 3HGR jermeni za pu\u0161ke, Hornady strelivo, LFB strelivo, Sax strelivo , Federal strelivo, Hornady krogle , Geco strelivo , RWS strelivo, PPU strelivo, S&B strelivo, NSI \u0161ibreno strelivo , Nobel Sport Italia strelivo, trap strelivo NSI, Hornady ELD-X strelivo , Hornady ELD match strelivo, Hornady SST-Delta optike , najcenej\u0161e optike , Swarovski, Kahles, Pulsar-FX Airguns zra\u010dne pu\u0161ke-Haenel , Haenel Jaeger 10, Haenel Jaeger 9, Haenel CR 223, Haenel CR 308, Haenel CR300, Haenel CR6,5 Creedmoor, Haenel RS8, Haenel RS9-Ase Utra, Ase Utra supressorr, supresor, Ase Utra Radien, Ase Utra SL5i, Ase Utra SL6i, Ase Utra SL7i,du\u0161ilec zvoka, du\u0161ilec zvoka za AK47, du\u0161ilec zvoka za Kala\u0161nikov,moderator zvoka,moderator, razbijalec poka,najbolj\u0161i du\u0161ilci, najbolj\u0161i moderatorji,najkvalitetnej\u0161i du\u0161ilci\/moderatorji, najla\u017eji du\u0161ilci \/ moderatorji,najcenej\u0161i du\u0161ilci\/moderatorji, vrezovanje navoja na cev,navoj na cevi,bla\u017eilci zvoka,navoji za du\u0161ilce,\u010di\u0161\u010denje du\u0161ilcev , \u010distila za du\u0161ilce\/moderatorje, vzdr\u017eevanje du\u0161ilcev\/moderatorjev, razbijalci zvoka,-Brunox \u010distila\",\"breadcrumb\":{\"@id\":\"https:\/\/guns-spendal.si\/#breadcrumb\"},\"inLanguage\":\"de\",\"potentialAction\":[{\"@type\":\"ReadAction\",\"target\":[\"https:\/\/guns-spendal.si\/\"]}]},{\"@type\":\"BreadcrumbList\",\"@id\":\"https:\/\/guns-spendal.si\/#breadcrumb\",\"itemListElement\":[{\"@type\":\"ListItem\",\"position\":1,\"name\":\"Home\",\"item\":\"https:\/\/guns-spendal.si\/\"},{\"@type\":\"ListItem\",\"position\":2,\"name\":\"Domov\"}]},{\"@type\":\"WebSite\",\"@id\":\"https:\/\/guns-spendal.si\/#website\",\"url\":\"https:\/\/guns-spendal.si\/\",\"name\":\"Gunsmithing \u0160pendal\",\"description\":\"Handmade guns by Gunsmithing \u0160pendal\",\"publisher\":{\"@id\":\"https:\/\/guns-spendal.si\/#organization\"},\"potentialAction\":[{\"@type\":\"SearchAction\",\"target\":{\"@type\":\"EntryPoint\",\"urlTemplate\":\"https:\/\/guns-spendal.si\/?s={search_term_string}\"},\"query-input\":{\"@type\":\"PropertyValueSpecification\",\"valueRequired\":true,\"valueName\":\"search_term_string\"}}],\"inLanguage\":\"de\"},{\"@type\":\"Organization\",\"@id\":\"https:\/\/guns-spendal.si\/#organization\",\"name\":\"Guns \u0160pendal\",\"url\":\"https:\/\/guns-spendal.si\/\",\"logo\":{\"@type\":\"ImageObject\",\"inLanguage\":\"de\",\"@id\":\"https:\/\/guns-spendal.si\/#\/schema\/logo\/image\/\",\"url\":\"https:\/\/guns-spendal.si\/wp-content\/uploads\/2016\/12\/Logo_Spendal_white_small.png\",\"contentUrl\":\"https:\/\/guns-spendal.si\/wp-content\/uploads\/2016\/12\/Logo_Spendal_white_small.png\",\"width\":101,\"height\":72,\"caption\":\"Guns \u0160pendal\"},\"image\":{\"@id\":\"https:\/\/guns-spendal.si\/#\/schema\/logo\/image\/\"}}]}<\/script>\n<!-- \/ Yoast SEO plugin. -->","yoast_head_json":{"title":"[:sl]Domov[:en]Home[:de]Home[:] - Gunsmithing \u0160pendal","description":"Merkel, Merkel Helix, Merkel K5, Merkel B3, Merkel B4, Merkel SR1, Merkel du\u0161ilec zvoka, premovle\u010dne repetirke,-Marsupio nahrbtniki, Chevalier lovska obla\u010dila, Sitka lovska obla\u010dila, Merkel Gear obla\u010dila-Heym , Mauser ,Steyr Mannlicher, CSV-9, CSV-9 polavtomatske pu\u0161ke za IPSC, polavtomatske pu\u0161ke 9mm Luger, polavtomatske pu\u0161ke 9x19, repetirne pu\u0161ke,prodaja lovskega oro\u017eja, prodaja \u0161portnega oro\u017eja, prodaja revolverjev, prodaja polavtomatskih pi\u0161tol , prodaja zra\u010dnih pu\u0161k-Pard,Lahoux, Pulsar, 3HGR jermeni za pu\u0161ke, Hornady strelivo, LFB strelivo, Sax strelivo , Federal strelivo, Hornady krogle , Geco strelivo , RWS strelivo, PPU strelivo, S&B strelivo, NSI \u0161ibreno strelivo , Nobel Sport Italia strelivo, trap strelivo NSI, Hornady ELD-X strelivo , Hornady ELD match strelivo, Hornady SST-Delta optike , najcenej\u0161e optike , Swarovski, Kahles, Pulsar-FX Airguns zra\u010dne pu\u0161ke-Haenel , Haenel Jaeger 10, Haenel Jaeger 9, Haenel CR 223, Haenel CR 308, Haenel CR300, Haenel CR6,5 Creedmoor, Haenel RS8, Haenel RS9-Ase Utra, Ase Utra supressorr, supresor, Ase Utra Radien, Ase Utra SL5i, Ase Utra SL6i, Ase Utra SL7i,du\u0161ilec zvoka, du\u0161ilec zvoka za AK47, du\u0161ilec zvoka za Kala\u0161nikov,moderator zvoka,moderator, razbijalec poka,najbolj\u0161i du\u0161ilci, najbolj\u0161i moderatorji,najkvalitetnej\u0161i du\u0161ilci\/moderatorji, najla\u017eji du\u0161ilci \/ moderatorji,najcenej\u0161i du\u0161ilci\/moderatorji, vrezovanje navoja na cev,navoj na cevi,bla\u017eilci zvoka,navoji za du\u0161ilce,\u010di\u0161\u010denje du\u0161ilcev , \u010distila za du\u0161ilce\/moderatorje, vzdr\u017eevanje du\u0161ilcev\/moderatorjev, razbijalci zvoka,-Brunox \u010distila","robots":{"index":"index","follow":"follow","max-snippet":"max-snippet:-1","max-image-preview":"max-image-preview:large","max-video-preview":"max-video-preview:-1"},"canonical":"https:\/\/guns-spendal.si\/","og_locale":"de_DE","og_type":"article","og_title":"[:sl]Domov[:en]Home[:de]Home[:] - Gunsmithing \u0160pendal","og_description":"Merkel, Merkel Helix, Merkel K5, Merkel B3, Merkel B4, Merkel SR1, Merkel du\u0161ilec zvoka, premovle\u010dne repetirke,-Marsupio nahrbtniki, Chevalier lovska obla\u010dila, Sitka lovska obla\u010dila, Merkel Gear obla\u010dila-Heym , Mauser ,Steyr Mannlicher, CSV-9, CSV-9 polavtomatske pu\u0161ke za IPSC, polavtomatske pu\u0161ke 9mm Luger, polavtomatske pu\u0161ke 9x19, repetirne pu\u0161ke,prodaja lovskega oro\u017eja, prodaja \u0161portnega oro\u017eja, prodaja revolverjev, prodaja polavtomatskih pi\u0161tol , prodaja zra\u010dnih pu\u0161k-Pard,Lahoux, Pulsar, 3HGR jermeni za pu\u0161ke, Hornady strelivo, LFB strelivo, Sax strelivo , Federal strelivo, Hornady krogle , Geco strelivo , RWS strelivo, PPU strelivo, S&B strelivo, NSI \u0161ibreno strelivo , Nobel Sport Italia strelivo, trap strelivo NSI, Hornady ELD-X strelivo , Hornady ELD match strelivo, Hornady SST-Delta optike , najcenej\u0161e optike , Swarovski, Kahles, Pulsar-FX Airguns zra\u010dne pu\u0161ke-Haenel , Haenel Jaeger 10, Haenel Jaeger 9, Haenel CR 223, Haenel CR 308, Haenel CR300, Haenel CR6,5 Creedmoor, Haenel RS8, Haenel RS9-Ase Utra, Ase Utra supressorr, supresor, Ase Utra Radien, Ase Utra SL5i, Ase Utra SL6i, Ase Utra SL7i,du\u0161ilec zvoka, du\u0161ilec zvoka za AK47, du\u0161ilec zvoka za Kala\u0161nikov,moderator zvoka,moderator, razbijalec poka,najbolj\u0161i du\u0161ilci, najbolj\u0161i moderatorji,najkvalitetnej\u0161i du\u0161ilci\/moderatorji, najla\u017eji du\u0161ilci \/ moderatorji,najcenej\u0161i du\u0161ilci\/moderatorji, vrezovanje navoja na cev,navoj na cevi,bla\u017eilci zvoka,navoji za du\u0161ilce,\u010di\u0161\u010denje du\u0161ilcev , \u010distila za du\u0161ilce\/moderatorje, vzdr\u017eevanje du\u0161ilcev\/moderatorjev, razbijalci zvoka,-Brunox \u010distila","og_url":"https:\/\/guns-spendal.si\/","og_site_name":"Gunsmithing \u0160pendal","article_modified_time":"2018-10-25T08:10:02+00:00","twitter_card":"summary_large_image","twitter_misc":{"Gesch\u00e4tzte Lesezeit":"2\u00a0Minuten"},"schema":{"@context":"https:\/\/schema.org","@graph":[{"@type":"WebPage","@id":"https:\/\/guns-spendal.si\/","url":"https:\/\/guns-spendal.si\/","name":"[:sl]Domov[:en]Home[:de]Home[:] - Gunsmithing \u0160pendal","isPartOf":{"@id":"https:\/\/guns-spendal.si\/#website"},"datePublished":"2016-11-14T14:39:02+00:00","dateModified":"2018-10-25T08:10:02+00:00","description":"Merkel, Merkel Helix, Merkel K5, Merkel B3, Merkel B4, Merkel SR1, Merkel du\u0161ilec zvoka, premovle\u010dne repetirke,-Marsupio nahrbtniki, Chevalier lovska obla\u010dila, Sitka lovska obla\u010dila, Merkel Gear obla\u010dila-Heym , Mauser ,Steyr Mannlicher, CSV-9, CSV-9 polavtomatske pu\u0161ke za IPSC, polavtomatske pu\u0161ke 9mm Luger, polavtomatske pu\u0161ke 9x19, repetirne pu\u0161ke,prodaja lovskega oro\u017eja, prodaja \u0161portnega oro\u017eja, prodaja revolverjev, prodaja polavtomatskih pi\u0161tol , prodaja zra\u010dnih pu\u0161k-Pard,Lahoux, Pulsar, 3HGR jermeni za pu\u0161ke, Hornady strelivo, LFB strelivo, Sax strelivo , Federal strelivo, Hornady krogle , Geco strelivo , RWS strelivo, PPU strelivo, S&B strelivo, NSI \u0161ibreno strelivo , Nobel Sport Italia strelivo, trap strelivo NSI, Hornady ELD-X strelivo , Hornady ELD match strelivo, Hornady SST-Delta optike , najcenej\u0161e optike , Swarovski, Kahles, Pulsar-FX Airguns zra\u010dne pu\u0161ke-Haenel , Haenel Jaeger 10, Haenel Jaeger 9, Haenel CR 223, Haenel CR 308, Haenel CR300, Haenel CR6,5 Creedmoor, Haenel RS8, Haenel RS9-Ase Utra, Ase Utra supressorr, supresor, Ase Utra Radien, Ase Utra SL5i, Ase Utra SL6i, Ase Utra SL7i,du\u0161ilec zvoka, du\u0161ilec zvoka za AK47, du\u0161ilec zvoka za Kala\u0161nikov,moderator zvoka,moderator, razbijalec poka,najbolj\u0161i du\u0161ilci, najbolj\u0161i moderatorji,najkvalitetnej\u0161i du\u0161ilci\/moderatorji, najla\u017eji du\u0161ilci \/ moderatorji,najcenej\u0161i du\u0161ilci\/moderatorji, vrezovanje navoja na cev,navoj na cevi,bla\u017eilci zvoka,navoji za du\u0161ilce,\u010di\u0161\u010denje du\u0161ilcev , \u010distila za du\u0161ilce\/moderatorje, vzdr\u017eevanje du\u0161ilcev\/moderatorjev, razbijalci zvoka,-Brunox \u010distila","breadcrumb":{"@id":"https:\/\/guns-spendal.si\/#breadcrumb"},"inLanguage":"de","potentialAction":[{"@type":"ReadAction","target":["https:\/\/guns-spendal.si\/"]}]},{"@type":"BreadcrumbList","@id":"https:\/\/guns-spendal.si\/#breadcrumb","itemListElement":[{"@type":"ListItem","position":1,"name":"Home","item":"https:\/\/guns-spendal.si\/"},{"@type":"ListItem","position":2,"name":"Domov"}]},{"@type":"WebSite","@id":"https:\/\/guns-spendal.si\/#website","url":"https:\/\/guns-spendal.si\/","name":"Gunsmithing \u0160pendal","description":"Handmade guns by Gunsmithing \u0160pendal","publisher":{"@id":"https:\/\/guns-spendal.si\/#organization"},"potentialAction":[{"@type":"SearchAction","target":{"@type":"EntryPoint","urlTemplate":"https:\/\/guns-spendal.si\/?s={search_term_string}"},"query-input":{"@type":"PropertyValueSpecification","valueRequired":true,"valueName":"search_term_string"}}],"inLanguage":"de"},{"@type":"Organization","@id":"https:\/\/guns-spendal.si\/#organization","name":"Guns \u0160pendal","url":"https:\/\/guns-spendal.si\/","logo":{"@type":"ImageObject","inLanguage":"de","@id":"https:\/\/guns-spendal.si\/#\/schema\/logo\/image\/","url":"https:\/\/guns-spendal.si\/wp-content\/uploads\/2016\/12\/Logo_Spendal_white_small.png","contentUrl":"https:\/\/guns-spendal.si\/wp-content\/uploads\/2016\/12\/Logo_Spendal_white_small.png","width":101,"height":72,"caption":"Guns \u0160pendal"},"image":{"@id":"https:\/\/guns-spendal.si\/#\/schema\/logo\/image\/"}}]}},"_links":{"self":[{"href":"https:\/\/guns-spendal.si\/de\/wp-json\/wp\/v2\/pages\/9"}],"collection":[{"href":"https:\/\/guns-spendal.si\/de\/wp-json\/wp\/v2\/pages"}],"about":[{"href":"https:\/\/guns-spendal.si\/de\/wp-json\/wp\/v2\/types\/page"}],"author":[{"embeddable":true,"href":"https:\/\/guns-spendal.si\/de\/wp-json\/wp\/v2\/users\/1"}],"replies":[{"embeddable":true,"href":"https:\/\/guns-spendal.si\/de\/wp-json\/wp\/v2\/comments?post=9"}],"version-history":[{"count":4,"href":"https:\/\/guns-spendal.si\/de\/wp-json\/wp\/v2\/pages\/9\/revisions"}],"predecessor-version":[{"id":55,"href":"https:\/\/guns-spendal.si\/de\/wp-json\/wp\/v2\/pages\/9\/revisions\/55"}],"wp:attachment":[{"href":"https:\/\/guns-spendal.si\/de\/wp-json\/wp\/v2\/media?parent=9"}],"curies":[{"name":"wp","href":"https:\/\/api.w.org\/{rel}","templated":true}]}}