{"id":68,"date":"2017-01-09T15:23:22","date_gmt":"2017-01-09T14:23:22","guid":{"rendered":"https:\/\/guns-spendal.si\/?page_id=68"},"modified":"2017-04-16T00:09:14","modified_gmt":"2017-04-15T22:09:14","slug":"kratka-mauser-repetirka","status":"publish","type":"page","link":"https:\/\/guns-spendal.si\/en\/orozje-po-meri\/repetirke\/kratka-mauser-repetirka\/","title":{"rendered":"The short Mauser rifle"},"content":{"rendered":"<p><strong>Calibers:<\/strong><br \/>\n.243Win,.308Win, 22-250 Remington,.300WSM,.270WSM<\/p>\n<p><strong>Action:<\/strong><\/p>\n<ul>\n<li>Mauser standard action with integrated square bridge. Extended trigger tang. Steel pistol grip cap with or without trap. Three position safety and direct adjustable trigger.<\/li>\n<\/ul>\n<p>Optional<\/p>\n<ul>\n<li>increased magazine capacity<\/li>\n<li>diopter ( a la Rigby )<\/li>\n<\/ul>\n<p><strong>Barrel:<\/strong><\/p>\n<ul>\n<li>The barres is made of the highest quality gun steel. Quarter rib. Express sights with one or more folding leaves. Scope mount to suit customer preference. Silver bead front sight.<\/li>\n<\/ul>\n<p>Optional:<\/p>\n<ul>\n<li>island rear sight block<\/li>\n<li>ramp front sight<\/li>\n<li>open sights only<\/li>\n<li>sling swivels<\/li>\n<\/ul>\n<p><strong>Stock:<\/strong><br \/>\nCustom fit exhibition grade Circassian walnut with round cheek piece. Steel pistol grip cap with or without trap (this is repeated under Action??).\u00a0 Horn for-end tip, traditional English recoil pad and exquisite oil finish.<\/p>\n<p>Optional:<\/p>\n<ul>\n<li>wood upgrade ( up to AAAAA )<\/li>\n<li>leather covered recoil pad<\/li>\n<\/ul>\n<p><strong>Engraving:<br \/>\n<\/strong>Border engraving. Action blued or color case hardened. Maker\u2019s name, calibre and serial no. in gold inlay<\/p>\n<ul>\n<li>All engraving performed to customer specific requests<\/li>\n<\/ul>\n<p><strong>Scope mounts:<\/strong><\/p>\n<ul>\n<li>The customer is informed of the alternative mount options and I make to the customer specification<\/li>\n<\/ul>\n<p><\/p>","protected":false},"excerpt":{"rendered":"<p>Calibers: .243Win,.308Win, 22-250 Remington,.300WSM,.270WSM Action: Mauser standard action with integrated square bridge. Extended trigger tang. Steel pistol grip cap with or without trap. Three position safety and direct adjustable trigger. Optional increased magazine capacity diopter ( a la Rigby ) Barrel: The barres is made of the highest quality gun steel. Quarter rib. Express sights [&hellip;]<\/p>\n","protected":false},"author":1,"featured_media":225,"parent":28,"menu_order":3,"comment_status":"closed","ping_status":"closed","template":"","meta":{"footnotes":""},"yoast_head":"<!-- This site is optimized with the Yoast SEO plugin v23.5 - https:\/\/yoast.com\/wordpress\/plugins\/seo\/ -->\n<title>The short Mauser rifle - Gunsmithing \u0160pendal<\/title>\n<meta name=\"description\" content=\"Merkel, Merkel Helix, Merkel K5, Merkel B3, Merkel B4, Merkel SR1, Merkel du\u0161ilec zvoka, premovle\u010dne repetirke,-Marsupio nahrbtniki, Chevalier lovska obla\u010dila, Sitka lovska obla\u010dila, Merkel Gear obla\u010dila-Heym , Mauser ,Steyr Mannlicher, CSV-9, CSV-9 polavtomatske pu\u0161ke za IPSC, polavtomatske pu\u0161ke 9mm Luger, polavtomatske pu\u0161ke 9x19, repetirne pu\u0161ke,prodaja lovskega oro\u017eja, prodaja \u0161portnega oro\u017eja, prodaja revolverjev, prodaja polavtomatskih pi\u0161tol , prodaja zra\u010dnih pu\u0161k-Pard,Lahoux, Pulsar, 3HGR jermeni za pu\u0161ke, Hornady strelivo, LFB strelivo, Sax strelivo , Federal strelivo, Hornady krogle , Geco strelivo , RWS strelivo, PPU strelivo, S&amp;B strelivo, NSI \u0161ibreno strelivo , Nobel Sport Italia strelivo, trap strelivo NSI, Hornady ELD-X strelivo , Hornady ELD match strelivo, Hornady SST-Delta optike , najcenej\u0161e optike , Swarovski, Kahles, Pulsar-FX Airguns zra\u010dne pu\u0161ke-Haenel , Haenel Jaeger 10, Haenel Jaeger 9, Haenel CR 223, Haenel CR 308, Haenel CR300, Haenel CR6,5 Creedmoor, Haenel RS8, Haenel RS9-Ase Utra, Ase Utra supressorr, supresor, Ase Utra Radien, Ase Utra SL5i, Ase Utra SL6i, Ase Utra SL7i,du\u0161ilec zvoka, du\u0161ilec zvoka za AK47, du\u0161ilec zvoka za Kala\u0161nikov,moderator zvoka,moderator, razbijalec poka,najbolj\u0161i du\u0161ilci, najbolj\u0161i moderatorji,najkvalitetnej\u0161i du\u0161ilci\/moderatorji, najla\u017eji du\u0161ilci \/ moderatorji,najcenej\u0161i du\u0161ilci\/moderatorji, vrezovanje navoja na cev,navoj na cevi,bla\u017eilci zvoka,navoji za du\u0161ilce,\u010di\u0161\u010denje du\u0161ilcev , \u010distila za du\u0161ilce\/moderatorje, vzdr\u017eevanje du\u0161ilcev\/moderatorjev, razbijalci zvoka,-Brunox \u010distila\" \/>\n<meta name=\"robots\" content=\"index, follow, max-snippet:-1, max-image-preview:large, max-video-preview:-1\" \/>\n<link rel=\"canonical\" href=\"https:\/\/guns-spendal.si\/orozje-po-meri\/repetirke\/kratka-mauser-repetirka\/\" \/>\n<meta property=\"og:locale\" content=\"en_US\" \/>\n<meta property=\"og:type\" content=\"article\" \/>\n<meta property=\"og:title\" content=\"[:sl]Kratka Mauser repetirka[:en]The short Mauser rifle[:de]Die kurzsystem Mauser repetierb\u00fcchse[:] - Gunsmithing \u0160pendal\" \/>\n<meta property=\"og:description\" content=\"Merkel, Merkel Helix, Merkel K5, Merkel B3, Merkel B4, Merkel SR1, Merkel du\u0161ilec zvoka, premovle\u010dne repetirke,-Marsupio nahrbtniki, Chevalier lovska obla\u010dila, Sitka lovska obla\u010dila, Merkel Gear obla\u010dila-Heym , Mauser ,Steyr Mannlicher, CSV-9, CSV-9 polavtomatske pu\u0161ke za IPSC, polavtomatske pu\u0161ke 9mm Luger, polavtomatske pu\u0161ke 9x19, repetirne pu\u0161ke,prodaja lovskega oro\u017eja, prodaja \u0161portnega oro\u017eja, prodaja revolverjev, prodaja polavtomatskih pi\u0161tol , prodaja zra\u010dnih pu\u0161k-Pard,Lahoux, Pulsar, 3HGR jermeni za pu\u0161ke, Hornady strelivo, LFB strelivo, Sax strelivo , Federal strelivo, Hornady krogle , Geco strelivo , RWS strelivo, PPU strelivo, S&amp;B strelivo, NSI \u0161ibreno strelivo , Nobel Sport Italia strelivo, trap strelivo NSI, Hornady ELD-X strelivo , Hornady ELD match strelivo, Hornady SST-Delta optike , najcenej\u0161e optike , Swarovski, Kahles, Pulsar-FX Airguns zra\u010dne pu\u0161ke-Haenel , Haenel Jaeger 10, Haenel Jaeger 9, Haenel CR 223, Haenel CR 308, Haenel CR300, Haenel CR6,5 Creedmoor, Haenel RS8, Haenel RS9-Ase Utra, Ase Utra supressorr, supresor, Ase Utra Radien, Ase Utra SL5i, Ase Utra SL6i, Ase Utra SL7i,du\u0161ilec zvoka, du\u0161ilec zvoka za AK47, du\u0161ilec zvoka za Kala\u0161nikov,moderator zvoka,moderator, razbijalec poka,najbolj\u0161i du\u0161ilci, najbolj\u0161i moderatorji,najkvalitetnej\u0161i du\u0161ilci\/moderatorji, najla\u017eji du\u0161ilci \/ moderatorji,najcenej\u0161i du\u0161ilci\/moderatorji, vrezovanje navoja na cev,navoj na cevi,bla\u017eilci zvoka,navoji za du\u0161ilce,\u010di\u0161\u010denje du\u0161ilcev , \u010distila za du\u0161ilce\/moderatorje, vzdr\u017eevanje du\u0161ilcev\/moderatorjev, razbijalci zvoka,-Brunox \u010distila\" \/>\n<meta property=\"og:url\" content=\"https:\/\/guns-spendal.si\/orozje-po-meri\/repetirke\/kratka-mauser-repetirka\/\" \/>\n<meta property=\"og:site_name\" content=\"Gunsmithing \u0160pendal\" \/>\n<meta property=\"article:modified_time\" content=\"2017-04-15T22:09:14+00:00\" \/>\n<meta property=\"og:image\" content=\"https:\/\/guns-spendal.si\/wp-content\/uploads\/2017\/02\/repetirka_8x68s_02-1920x1080.jpg\" \/>\n\t<meta property=\"og:image:width\" content=\"1920\" \/>\n\t<meta property=\"og:image:height\" content=\"1080\" \/>\n\t<meta property=\"og:image:type\" content=\"image\/jpeg\" \/>\n<meta name=\"twitter:card\" content=\"summary_large_image\" \/>\n<meta name=\"twitter:label1\" content=\"Est. reading time\" \/>\n\t<meta name=\"twitter:data1\" content=\"2 minutes\" \/>\n<script type=\"application\/ld+json\" class=\"yoast-schema-graph\">{\"@context\":\"https:\/\/schema.org\",\"@graph\":[{\"@type\":\"WebPage\",\"@id\":\"https:\/\/guns-spendal.si\/orozje-po-meri\/repetirke\/kratka-mauser-repetirka\/\",\"url\":\"https:\/\/guns-spendal.si\/orozje-po-meri\/repetirke\/kratka-mauser-repetirka\/\",\"name\":\"[:sl]Kratka Mauser repetirka[:en]The short Mauser rifle[:de]Die kurzsystem Mauser repetierb\u00fcchse[:] - Gunsmithing \u0160pendal\",\"isPartOf\":{\"@id\":\"https:\/\/guns-spendal.si\/#website\"},\"primaryImageOfPage\":{\"@id\":\"https:\/\/guns-spendal.si\/orozje-po-meri\/repetirke\/kratka-mauser-repetirka\/#primaryimage\"},\"image\":{\"@id\":\"https:\/\/guns-spendal.si\/orozje-po-meri\/repetirke\/kratka-mauser-repetirka\/#primaryimage\"},\"thumbnailUrl\":\"https:\/\/guns-spendal.si\/wp-content\/uploads\/2017\/02\/repetirka_8x68s_02-1920x1080.jpg\",\"datePublished\":\"2017-01-09T14:23:22+00:00\",\"dateModified\":\"2017-04-15T22:09:14+00:00\",\"description\":\"Merkel, Merkel Helix, Merkel K5, Merkel B3, Merkel B4, Merkel SR1, Merkel du\u0161ilec zvoka, premovle\u010dne repetirke,-Marsupio nahrbtniki, Chevalier lovska obla\u010dila, Sitka lovska obla\u010dila, Merkel Gear obla\u010dila-Heym , Mauser ,Steyr Mannlicher, CSV-9, CSV-9 polavtomatske pu\u0161ke za IPSC, polavtomatske pu\u0161ke 9mm Luger, polavtomatske pu\u0161ke 9x19, repetirne pu\u0161ke,prodaja lovskega oro\u017eja, prodaja \u0161portnega oro\u017eja, prodaja revolverjev, prodaja polavtomatskih pi\u0161tol , prodaja zra\u010dnih pu\u0161k-Pard,Lahoux, Pulsar, 3HGR jermeni za pu\u0161ke, Hornady strelivo, LFB strelivo, Sax strelivo , Federal strelivo, Hornady krogle , Geco strelivo , RWS strelivo, PPU strelivo, S&B strelivo, NSI \u0161ibreno strelivo , Nobel Sport Italia strelivo, trap strelivo NSI, Hornady ELD-X strelivo , Hornady ELD match strelivo, Hornady SST-Delta optike , najcenej\u0161e optike , Swarovski, Kahles, Pulsar-FX Airguns zra\u010dne pu\u0161ke-Haenel , Haenel Jaeger 10, Haenel Jaeger 9, Haenel CR 223, Haenel CR 308, Haenel CR300, Haenel CR6,5 Creedmoor, Haenel RS8, Haenel RS9-Ase Utra, Ase Utra supressorr, supresor, Ase Utra Radien, Ase Utra SL5i, Ase Utra SL6i, Ase Utra SL7i,du\u0161ilec zvoka, du\u0161ilec zvoka za AK47, du\u0161ilec zvoka za Kala\u0161nikov,moderator zvoka,moderator, razbijalec poka,najbolj\u0161i du\u0161ilci, najbolj\u0161i moderatorji,najkvalitetnej\u0161i du\u0161ilci\/moderatorji, najla\u017eji du\u0161ilci \/ moderatorji,najcenej\u0161i du\u0161ilci\/moderatorji, vrezovanje navoja na cev,navoj na cevi,bla\u017eilci zvoka,navoji za du\u0161ilce,\u010di\u0161\u010denje du\u0161ilcev , \u010distila za du\u0161ilce\/moderatorje, vzdr\u017eevanje du\u0161ilcev\/moderatorjev, razbijalci zvoka,-Brunox \u010distila\",\"breadcrumb\":{\"@id\":\"https:\/\/guns-spendal.si\/orozje-po-meri\/repetirke\/kratka-mauser-repetirka\/#breadcrumb\"},\"inLanguage\":\"en-US\",\"potentialAction\":[{\"@type\":\"ReadAction\",\"target\":[\"https:\/\/guns-spendal.si\/orozje-po-meri\/repetirke\/kratka-mauser-repetirka\/\"]}]},{\"@type\":\"ImageObject\",\"inLanguage\":\"en-US\",\"@id\":\"https:\/\/guns-spendal.si\/orozje-po-meri\/repetirke\/kratka-mauser-repetirka\/#primaryimage\",\"url\":\"https:\/\/guns-spendal.si\/wp-content\/uploads\/2017\/02\/repetirka_8x68s_02-1920x1080.jpg\",\"contentUrl\":\"https:\/\/guns-spendal.si\/wp-content\/uploads\/2017\/02\/repetirka_8x68s_02-1920x1080.jpg\",\"width\":1920,\"height\":1080},{\"@type\":\"BreadcrumbList\",\"@id\":\"https:\/\/guns-spendal.si\/orozje-po-meri\/repetirke\/kratka-mauser-repetirka\/#breadcrumb\",\"itemListElement\":[{\"@type\":\"ListItem\",\"position\":1,\"name\":\"Home\",\"item\":\"https:\/\/guns-spendal.si\/\"},{\"@type\":\"ListItem\",\"position\":2,\"name\":\"Oro\u017eje po meri\",\"item\":\"https:\/\/guns-spendal.si\/orozje-po-meri\/\"},{\"@type\":\"ListItem\",\"position\":3,\"name\":\"Repetirke\",\"item\":\"https:\/\/guns-spendal.si\/orozje-po-meri\/repetirke\/\"},{\"@type\":\"ListItem\",\"position\":4,\"name\":\"Kratka Mauser repetirka\"}]},{\"@type\":\"WebSite\",\"@id\":\"https:\/\/guns-spendal.si\/#website\",\"url\":\"https:\/\/guns-spendal.si\/\",\"name\":\"Gunsmithing \u0160pendal\",\"description\":\"Handmade guns by Gunsmithing \u0160pendal\",\"publisher\":{\"@id\":\"https:\/\/guns-spendal.si\/#organization\"},\"potentialAction\":[{\"@type\":\"SearchAction\",\"target\":{\"@type\":\"EntryPoint\",\"urlTemplate\":\"https:\/\/guns-spendal.si\/?s={search_term_string}\"},\"query-input\":{\"@type\":\"PropertyValueSpecification\",\"valueRequired\":true,\"valueName\":\"search_term_string\"}}],\"inLanguage\":\"en-US\"},{\"@type\":\"Organization\",\"@id\":\"https:\/\/guns-spendal.si\/#organization\",\"name\":\"Guns \u0160pendal\",\"url\":\"https:\/\/guns-spendal.si\/\",\"logo\":{\"@type\":\"ImageObject\",\"inLanguage\":\"en-US\",\"@id\":\"https:\/\/guns-spendal.si\/#\/schema\/logo\/image\/\",\"url\":\"https:\/\/guns-spendal.si\/wp-content\/uploads\/2016\/12\/Logo_Spendal_white_small.png\",\"contentUrl\":\"https:\/\/guns-spendal.si\/wp-content\/uploads\/2016\/12\/Logo_Spendal_white_small.png\",\"width\":101,\"height\":72,\"caption\":\"Guns \u0160pendal\"},\"image\":{\"@id\":\"https:\/\/guns-spendal.si\/#\/schema\/logo\/image\/\"}}]}<\/script>\n<!-- \/ Yoast SEO plugin. -->","yoast_head_json":{"title":"[:sl]Kratka Mauser repetirka[:en]The short Mauser rifle[:de]Die kurzsystem Mauser repetierb\u00fcchse[:] - Gunsmithing \u0160pendal","description":"Merkel, Merkel Helix, Merkel K5, Merkel B3, Merkel B4, Merkel SR1, Merkel du\u0161ilec zvoka, premovle\u010dne repetirke,-Marsupio nahrbtniki, Chevalier lovska obla\u010dila, Sitka lovska obla\u010dila, Merkel Gear obla\u010dila-Heym , Mauser ,Steyr Mannlicher, CSV-9, CSV-9 polavtomatske pu\u0161ke za IPSC, polavtomatske pu\u0161ke 9mm Luger, polavtomatske pu\u0161ke 9x19, repetirne pu\u0161ke,prodaja lovskega oro\u017eja, prodaja \u0161portnega oro\u017eja, prodaja revolverjev, prodaja polavtomatskih pi\u0161tol , prodaja zra\u010dnih pu\u0161k-Pard,Lahoux, Pulsar, 3HGR jermeni za pu\u0161ke, Hornady strelivo, LFB strelivo, Sax strelivo , Federal strelivo, Hornady krogle , Geco strelivo , RWS strelivo, PPU strelivo, S&B strelivo, NSI \u0161ibreno strelivo , Nobel Sport Italia strelivo, trap strelivo NSI, Hornady ELD-X strelivo , Hornady ELD match strelivo, Hornady SST-Delta optike , najcenej\u0161e optike , Swarovski, Kahles, Pulsar-FX Airguns zra\u010dne pu\u0161ke-Haenel , Haenel Jaeger 10, Haenel Jaeger 9, Haenel CR 223, Haenel CR 308, Haenel CR300, Haenel CR6,5 Creedmoor, Haenel RS8, Haenel RS9-Ase Utra, Ase Utra supressorr, supresor, Ase Utra Radien, Ase Utra SL5i, Ase Utra SL6i, Ase Utra SL7i,du\u0161ilec zvoka, du\u0161ilec zvoka za AK47, du\u0161ilec zvoka za Kala\u0161nikov,moderator zvoka,moderator, razbijalec poka,najbolj\u0161i du\u0161ilci, najbolj\u0161i moderatorji,najkvalitetnej\u0161i du\u0161ilci\/moderatorji, najla\u017eji du\u0161ilci \/ moderatorji,najcenej\u0161i du\u0161ilci\/moderatorji, vrezovanje navoja na cev,navoj na cevi,bla\u017eilci zvoka,navoji za du\u0161ilce,\u010di\u0161\u010denje du\u0161ilcev , \u010distila za du\u0161ilce\/moderatorje, vzdr\u017eevanje du\u0161ilcev\/moderatorjev, razbijalci zvoka,-Brunox \u010distila","robots":{"index":"index","follow":"follow","max-snippet":"max-snippet:-1","max-image-preview":"max-image-preview:large","max-video-preview":"max-video-preview:-1"},"canonical":"https:\/\/guns-spendal.si\/orozje-po-meri\/repetirke\/kratka-mauser-repetirka\/","og_locale":"en_US","og_type":"article","og_title":"[:sl]Kratka Mauser repetirka[:en]The short Mauser rifle[:de]Die kurzsystem Mauser repetierb\u00fcchse[:] - Gunsmithing \u0160pendal","og_description":"Merkel, Merkel Helix, Merkel K5, Merkel B3, Merkel B4, Merkel SR1, Merkel du\u0161ilec zvoka, premovle\u010dne repetirke,-Marsupio nahrbtniki, Chevalier lovska obla\u010dila, Sitka lovska obla\u010dila, Merkel Gear obla\u010dila-Heym , Mauser ,Steyr Mannlicher, CSV-9, CSV-9 polavtomatske pu\u0161ke za IPSC, polavtomatske pu\u0161ke 9mm Luger, polavtomatske pu\u0161ke 9x19, repetirne pu\u0161ke,prodaja lovskega oro\u017eja, prodaja \u0161portnega oro\u017eja, prodaja revolverjev, prodaja polavtomatskih pi\u0161tol , prodaja zra\u010dnih pu\u0161k-Pard,Lahoux, Pulsar, 3HGR jermeni za pu\u0161ke, Hornady strelivo, LFB strelivo, Sax strelivo , Federal strelivo, Hornady krogle , Geco strelivo , RWS strelivo, PPU strelivo, S&B strelivo, NSI \u0161ibreno strelivo , Nobel Sport Italia strelivo, trap strelivo NSI, Hornady ELD-X strelivo , Hornady ELD match strelivo, Hornady SST-Delta optike , najcenej\u0161e optike , Swarovski, Kahles, Pulsar-FX Airguns zra\u010dne pu\u0161ke-Haenel , Haenel Jaeger 10, Haenel Jaeger 9, Haenel CR 223, Haenel CR 308, Haenel CR300, Haenel CR6,5 Creedmoor, Haenel RS8, Haenel RS9-Ase Utra, Ase Utra supressorr, supresor, Ase Utra Radien, Ase Utra SL5i, Ase Utra SL6i, Ase Utra SL7i,du\u0161ilec zvoka, du\u0161ilec zvoka za AK47, du\u0161ilec zvoka za Kala\u0161nikov,moderator zvoka,moderator, razbijalec poka,najbolj\u0161i du\u0161ilci, najbolj\u0161i moderatorji,najkvalitetnej\u0161i du\u0161ilci\/moderatorji, najla\u017eji du\u0161ilci \/ moderatorji,najcenej\u0161i du\u0161ilci\/moderatorji, vrezovanje navoja na cev,navoj na cevi,bla\u017eilci zvoka,navoji za du\u0161ilce,\u010di\u0161\u010denje du\u0161ilcev , \u010distila za du\u0161ilce\/moderatorje, vzdr\u017eevanje du\u0161ilcev\/moderatorjev, razbijalci zvoka,-Brunox \u010distila","og_url":"https:\/\/guns-spendal.si\/orozje-po-meri\/repetirke\/kratka-mauser-repetirka\/","og_site_name":"Gunsmithing \u0160pendal","article_modified_time":"2017-04-15T22:09:14+00:00","og_image":[{"width":1920,"height":1080,"url":"https:\/\/guns-spendal.si\/wp-content\/uploads\/2017\/02\/repetirka_8x68s_02-1920x1080.jpg","type":"image\/jpeg"}],"twitter_card":"summary_large_image","twitter_misc":{"Est. reading time":"2 minutes"},"schema":{"@context":"https:\/\/schema.org","@graph":[{"@type":"WebPage","@id":"https:\/\/guns-spendal.si\/orozje-po-meri\/repetirke\/kratka-mauser-repetirka\/","url":"https:\/\/guns-spendal.si\/orozje-po-meri\/repetirke\/kratka-mauser-repetirka\/","name":"[:sl]Kratka Mauser repetirka[:en]The short Mauser rifle[:de]Die kurzsystem Mauser repetierb\u00fcchse[:] - Gunsmithing \u0160pendal","isPartOf":{"@id":"https:\/\/guns-spendal.si\/#website"},"primaryImageOfPage":{"@id":"https:\/\/guns-spendal.si\/orozje-po-meri\/repetirke\/kratka-mauser-repetirka\/#primaryimage"},"image":{"@id":"https:\/\/guns-spendal.si\/orozje-po-meri\/repetirke\/kratka-mauser-repetirka\/#primaryimage"},"thumbnailUrl":"https:\/\/guns-spendal.si\/wp-content\/uploads\/2017\/02\/repetirka_8x68s_02-1920x1080.jpg","datePublished":"2017-01-09T14:23:22+00:00","dateModified":"2017-04-15T22:09:14+00:00","description":"Merkel, Merkel Helix, Merkel K5, Merkel B3, Merkel B4, Merkel SR1, Merkel du\u0161ilec zvoka, premovle\u010dne repetirke,-Marsupio nahrbtniki, Chevalier lovska obla\u010dila, Sitka lovska obla\u010dila, Merkel Gear obla\u010dila-Heym , Mauser ,Steyr Mannlicher, CSV-9, CSV-9 polavtomatske pu\u0161ke za IPSC, polavtomatske pu\u0161ke 9mm Luger, polavtomatske pu\u0161ke 9x19, repetirne pu\u0161ke,prodaja lovskega oro\u017eja, prodaja \u0161portnega oro\u017eja, prodaja revolverjev, prodaja polavtomatskih pi\u0161tol , prodaja zra\u010dnih pu\u0161k-Pard,Lahoux, Pulsar, 3HGR jermeni za pu\u0161ke, Hornady strelivo, LFB strelivo, Sax strelivo , Federal strelivo, Hornady krogle , Geco strelivo , RWS strelivo, PPU strelivo, S&B strelivo, NSI \u0161ibreno strelivo , Nobel Sport Italia strelivo, trap strelivo NSI, Hornady ELD-X strelivo , Hornady ELD match strelivo, Hornady SST-Delta optike , najcenej\u0161e optike , Swarovski, Kahles, Pulsar-FX Airguns zra\u010dne pu\u0161ke-Haenel , Haenel Jaeger 10, Haenel Jaeger 9, Haenel CR 223, Haenel CR 308, Haenel CR300, Haenel CR6,5 Creedmoor, Haenel RS8, Haenel RS9-Ase Utra, Ase Utra supressorr, supresor, Ase Utra Radien, Ase Utra SL5i, Ase Utra SL6i, Ase Utra SL7i,du\u0161ilec zvoka, du\u0161ilec zvoka za AK47, du\u0161ilec zvoka za Kala\u0161nikov,moderator zvoka,moderator, razbijalec poka,najbolj\u0161i du\u0161ilci, najbolj\u0161i moderatorji,najkvalitetnej\u0161i du\u0161ilci\/moderatorji, najla\u017eji du\u0161ilci \/ moderatorji,najcenej\u0161i du\u0161ilci\/moderatorji, vrezovanje navoja na cev,navoj na cevi,bla\u017eilci zvoka,navoji za du\u0161ilce,\u010di\u0161\u010denje du\u0161ilcev , \u010distila za du\u0161ilce\/moderatorje, vzdr\u017eevanje du\u0161ilcev\/moderatorjev, razbijalci zvoka,-Brunox \u010distila","breadcrumb":{"@id":"https:\/\/guns-spendal.si\/orozje-po-meri\/repetirke\/kratka-mauser-repetirka\/#breadcrumb"},"inLanguage":"en-US","potentialAction":[{"@type":"ReadAction","target":["https:\/\/guns-spendal.si\/orozje-po-meri\/repetirke\/kratka-mauser-repetirka\/"]}]},{"@type":"ImageObject","inLanguage":"en-US","@id":"https:\/\/guns-spendal.si\/orozje-po-meri\/repetirke\/kratka-mauser-repetirka\/#primaryimage","url":"https:\/\/guns-spendal.si\/wp-content\/uploads\/2017\/02\/repetirka_8x68s_02-1920x1080.jpg","contentUrl":"https:\/\/guns-spendal.si\/wp-content\/uploads\/2017\/02\/repetirka_8x68s_02-1920x1080.jpg","width":1920,"height":1080},{"@type":"BreadcrumbList","@id":"https:\/\/guns-spendal.si\/orozje-po-meri\/repetirke\/kratka-mauser-repetirka\/#breadcrumb","itemListElement":[{"@type":"ListItem","position":1,"name":"Home","item":"https:\/\/guns-spendal.si\/"},{"@type":"ListItem","position":2,"name":"Oro\u017eje po meri","item":"https:\/\/guns-spendal.si\/orozje-po-meri\/"},{"@type":"ListItem","position":3,"name":"Repetirke","item":"https:\/\/guns-spendal.si\/orozje-po-meri\/repetirke\/"},{"@type":"ListItem","position":4,"name":"Kratka Mauser repetirka"}]},{"@type":"WebSite","@id":"https:\/\/guns-spendal.si\/#website","url":"https:\/\/guns-spendal.si\/","name":"Gunsmithing \u0160pendal","description":"Handmade guns by Gunsmithing \u0160pendal","publisher":{"@id":"https:\/\/guns-spendal.si\/#organization"},"potentialAction":[{"@type":"SearchAction","target":{"@type":"EntryPoint","urlTemplate":"https:\/\/guns-spendal.si\/?s={search_term_string}"},"query-input":{"@type":"PropertyValueSpecification","valueRequired":true,"valueName":"search_term_string"}}],"inLanguage":"en-US"},{"@type":"Organization","@id":"https:\/\/guns-spendal.si\/#organization","name":"Guns \u0160pendal","url":"https:\/\/guns-spendal.si\/","logo":{"@type":"ImageObject","inLanguage":"en-US","@id":"https:\/\/guns-spendal.si\/#\/schema\/logo\/image\/","url":"https:\/\/guns-spendal.si\/wp-content\/uploads\/2016\/12\/Logo_Spendal_white_small.png","contentUrl":"https:\/\/guns-spendal.si\/wp-content\/uploads\/2016\/12\/Logo_Spendal_white_small.png","width":101,"height":72,"caption":"Guns \u0160pendal"},"image":{"@id":"https:\/\/guns-spendal.si\/#\/schema\/logo\/image\/"}}]}},"_links":{"self":[{"href":"https:\/\/guns-spendal.si\/en\/wp-json\/wp\/v2\/pages\/68"}],"collection":[{"href":"https:\/\/guns-spendal.si\/en\/wp-json\/wp\/v2\/pages"}],"about":[{"href":"https:\/\/guns-spendal.si\/en\/wp-json\/wp\/v2\/types\/page"}],"author":[{"embeddable":true,"href":"https:\/\/guns-spendal.si\/en\/wp-json\/wp\/v2\/users\/1"}],"replies":[{"embeddable":true,"href":"https:\/\/guns-spendal.si\/en\/wp-json\/wp\/v2\/comments?post=68"}],"version-history":[{"count":4,"href":"https:\/\/guns-spendal.si\/en\/wp-json\/wp\/v2\/pages\/68\/revisions"}],"predecessor-version":[{"id":318,"href":"https:\/\/guns-spendal.si\/en\/wp-json\/wp\/v2\/pages\/68\/revisions\/318"}],"up":[{"embeddable":true,"href":"https:\/\/guns-spendal.si\/en\/wp-json\/wp\/v2\/pages\/28"}],"wp:featuredmedia":[{"embeddable":true,"href":"https:\/\/guns-spendal.si\/en\/wp-json\/wp\/v2\/media\/225"}],"wp:attachment":[{"href":"https:\/\/guns-spendal.si\/en\/wp-json\/wp\/v2\/media?parent=68"}],"curies":[{"name":"wp","href":"https:\/\/api.w.org\/{rel}","templated":true}]}}